{"id":907,"date":"2025-04-09T13:14:10","date_gmt":"2025-04-09T11:14:10","guid":{"rendered":"https:\/\/sabugalia.com\/producto\/lote-dia-e-noite\/"},"modified":"2025-04-09T13:24:09","modified_gmt":"2025-04-09T11:24:09","slug":"lote-dia-e-noite","status":"publish","type":"product","link":"https:\/\/sabugalia.com\/gl\/producto\/lote-dia-e-noite\/","title":{"rendered":"Lote D\u00eda e Noite"},"content":{"rendered":"<style>#sp-ea-908 .spcollapsing { height: 0; overflow: hidden; transition-property: height;transition-duration: 300ms;}#sp-ea-908.sp-easy-accordion>.sp-ea-single {margin-bottom: 0px; border: 1px solid #0a0a0a; }#sp-ea-908.sp-easy-accordion>.sp-ea-single>.ea-header a {color: #444;}#sp-ea-908.sp-easy-accordion>.sp-ea-single>.sp-collapse>.ea-body {background: #ffffff; color: #444;}#sp-ea-908.sp-easy-accordion>.sp-ea-single {background: #ffffff;}#sp-ea-908.sp-easy-accordion>.sp-ea-single>.ea-header a .ea-expand-icon { float: left; color: #0a0a0a;font-size: 16px;}<\/style><div id=\"sp_easy_accordion-1725885240\"><div id=\"sp-ea-908\" class=\"sp-ea-one sp-easy-accordion\" data-ea-active=\"ea-click\" data-ea-mode=\"vertical\" data-preloader=\"\" data-scroll-active-item=\"\" data-offset-to-scroll=\"0\"><div class=\"ea-card sp-ea-single\"><h3 class=\"ea-header\"><a class=\"collapsed\" id=\"ea-header-9080\" role=\"button\" data-sptoggle=\"spcollapse\" data-sptarget=\"#collapse9080\" aria-controls=\"collapse9080\" href=\"#\" aria-expanded=\"false\" tabindex=\"0\"><i aria-hidden=\"true\" role=\"presentation\" class=\"ea-expand-icon eap-icon-ea-expand-plus\"><\/i> Descrici\u00f3n<\/a><\/h3><div class=\"sp-collapse spcollapse spcollapse\" id=\"collapse9080\" data-parent=\"#sp-ea-908\" role=\"region\" aria-labelledby=\"ea-header-9080\"> <div class=\"ea-body\"><p>O LoteD\u00eda e noite \u00e9 un ritual diario que combina os dous t\u00f3nicos faciais Sabugalia para coidar da t\u00faa pel ao longo do d\u00eda. A flor de sabugueiro calma, hidrata e tonifica, mentres que as bagas achegan antioxidantes e revitalizaci\u00f3n profunda. Unha experiencia completa de beleza natural feita en Galicia.<\/p><p>Perfecto para rutinas minimalistas e conscientes<br \/>Ingredientes ecol\u00f3xicos e vexetais, sen aromas engadidos<br \/>Elaborados con auga termal de Galicia (Ba\u00f1os de Molgas)<\/p><\/div><\/div><\/div><div class=\"ea-card sp-ea-single\"><h3 class=\"ea-header\"><a class=\"collapsed\" id=\"ea-header-9081\" role=\"button\" data-sptoggle=\"spcollapse\" data-sptarget=\"#collapse9081\" aria-controls=\"collapse9081\" href=\"#\" aria-expanded=\"false\" tabindex=\"0\"><i aria-hidden=\"true\" role=\"presentation\" class=\"ea-expand-icon eap-icon-ea-expand-plus\"><\/i> Recomendado para<\/a><\/h3><div class=\"sp-collapse spcollapse spcollapse\" id=\"collapse9081\" data-parent=\"#sp-ea-908\" role=\"region\" aria-labelledby=\"ea-header-9081\"> <div class=\"ea-body\"><ul><li>Rutinas faciais naturais, de d\u00eda e noite<\/li><li>Peles sensibles, maduras ou con tendencia a irritaci\u00f3n<\/li><li>Agasallos de beleza sostible e con identidade<\/li><li>Compartir beleza galega en parella ou entre amigas<\/li><\/ul><\/div><\/div><\/div><div class=\"ea-card sp-ea-single\"><h3 class=\"ea-header\"><a class=\"collapsed\" id=\"ea-header-9082\" role=\"button\" data-sptoggle=\"spcollapse\" data-sptarget=\"#collapse9082\" aria-controls=\"collapse9082\" href=\"#\" aria-expanded=\"false\" tabindex=\"0\"><i aria-hidden=\"true\" role=\"presentation\" class=\"ea-expand-icon eap-icon-ea-expand-plus\"><\/i> Consellos de uso<\/a><\/h3><div class=\"sp-collapse spcollapse spcollapse\" id=\"collapse9082\" data-parent=\"#sp-ea-908\" role=\"region\" aria-labelledby=\"ea-header-9082\"> <div class=\"ea-body\"><p><strong>Pola ma\u00f1\u00e1<\/strong>, usa o <strong>t\u00f3nico de flor de sabugueiro<\/strong> para equilibrar, calmar e preparar a pel.<br \/><strong>Pola noite<\/strong>, aplica o <strong>t\u00f3nico de bagas<\/strong> para revitalizar, purificar e nutrir mentres descansas.<\/p><p>P\u00f3dense reaplicar ao longo do d\u00eda para refrescar, rehidratar ou como bruma facial.<\/p><\/div><\/div><\/div><div class=\"ea-card sp-ea-single\"><h3 class=\"ea-header\"><a class=\"collapsed\" id=\"ea-header-9083\" role=\"button\" data-sptoggle=\"spcollapse\" data-sptarget=\"#collapse9083\" aria-controls=\"collapse9083\" href=\"#\" aria-expanded=\"false\" tabindex=\"0\"><i aria-hidden=\"true\" role=\"presentation\" class=\"ea-expand-icon eap-icon-ea-expand-plus\"><\/i> Beneficios e propiedades<\/a><\/h3><div class=\"sp-collapse spcollapse spcollapse\" id=\"collapse9083\" data-parent=\"#sp-ea-908\" role=\"region\" aria-labelledby=\"ea-header-9083\"> <div class=\"ea-body\"><ul><li>Acci\u00f3n calmante e antiinflamatoria da flor de sabugueiro<\/li><li>Efecto antioxidante e protector das bagas<\/li><li>Hidrata, equilibra e tonifica sen resecar<\/li><li>F\u00f3rmulas sen perfumes, veganas e BIO<\/li><li>Auga termal galega con minerais equilibrantes<\/li><\/ul><\/div><\/div><\/div><div class=\"ea-card sp-ea-single\"><h3 class=\"ea-header\"><a class=\"collapsed\" id=\"ea-header-9084\" role=\"button\" data-sptoggle=\"spcollapse\" data-sptarget=\"#collapse9084\" aria-controls=\"collapse9084\" href=\"#\" aria-expanded=\"false\" tabindex=\"0\"><i aria-hidden=\"true\" role=\"presentation\" class=\"ea-expand-icon eap-icon-ea-expand-plus\"><\/i> Contido do lote<\/a><\/h3><div class=\"sp-collapse spcollapse spcollapse\" id=\"collapse9084\" data-parent=\"#sp-ea-908\" role=\"region\" aria-labelledby=\"ea-header-9084\"> <div class=\"ea-body\"><ul><li><strong>T\u00f3nico facial calmante<\/strong> de flor de sabugueiro \u2013 100ml<\/li><li><strong>T\u00f3nico facial purificante<\/strong> de bagas de sabugueiro \u2013 100ml<\/li><\/ul><\/div><\/div><\/div><div class=\"ea-card sp-ea-single\"><h3 class=\"ea-header\"><a class=\"collapsed\" id=\"ea-header-9085\" role=\"button\" data-sptoggle=\"spcollapse\" data-sptarget=\"#collapse9085\" aria-controls=\"collapse9085\" href=\"#\" aria-expanded=\"false\" tabindex=\"0\"><i aria-hidden=\"true\" role=\"presentation\" class=\"ea-expand-icon eap-icon-ea-expand-plus\"><\/i> Formato<\/a><\/h3><div class=\"sp-collapse spcollapse spcollapse\" id=\"collapse9085\" data-parent=\"#sp-ea-908\" role=\"region\" aria-labelledby=\"ea-header-9085\"> <div class=\"ea-body\"><p>Presentado en caixa de agasallo Sabugalia. Ideal para regalar beleza consciente.<\/p><\/div><\/div><\/div><\/div><\/div>\n","protected":false},"excerpt":{"rendered":"<p><strong>Ritual facial completo ma\u00f1\u00e1 e noite | Cosm\u00e9tica natural galega | Regalo con sentido<\/strong><\/p>\n","protected":false},"featured_media":955,"comment_status":"closed","ping_status":"closed","template":"","meta":[],"product_brand":[],"product_cat":[30],"product_tag":[],"class_list":{"0":"post-907","1":"product","2":"type-product","3":"status-publish","4":"has-post-thumbnail","6":"product_cat-sin-categorizar-gl","8":"first","9":"instock","10":"taxable","11":"shipping-taxable","12":"purchasable","13":"product-type-simple"},"yoast_head":"<!-- This site is optimized with the Yoast SEO plugin v26.3 - https:\/\/yoast.com\/wordpress\/plugins\/seo\/ -->\n<title>Lote D\u00eda e Noite - Sabugalia<\/title>\n<meta name=\"robots\" content=\"index, follow, max-snippet:-1, max-image-preview:large, max-video-preview:-1\" \/>\n<link rel=\"canonical\" href=\"http:\/\/sabugalia.com\/gl\/producto\/lote-dia-e-noite\/\" \/>\n<meta property=\"og:locale\" content=\"gl_ES\" \/>\n<meta property=\"og:type\" content=\"article\" \/>\n<meta property=\"og:title\" content=\"Lote D\u00eda e Noite - Sabugalia\" \/>\n<meta property=\"og:description\" content=\"Ritual facial completo ma\u00f1\u00e1 e noite | Cosm\u00e9tica natural galega | Regalo con sentido\" \/>\n<meta property=\"og:url\" content=\"http:\/\/sabugalia.com\/gl\/producto\/lote-dia-e-noite\/\" \/>\n<meta property=\"og:site_name\" content=\"Sabugalia\" \/>\n<meta property=\"article:modified_time\" content=\"2025-04-09T11:24:09+00:00\" \/>\n<meta property=\"og:image\" content=\"http:\/\/sabugalia.com\/wp-content\/uploads\/2025\/04\/202505_Sabugalia_Dia_5_web.jpg\" \/>\n\t<meta property=\"og:image:width\" content=\"1500\" \/>\n\t<meta property=\"og:image:height\" content=\"1500\" \/>\n\t<meta property=\"og:image:type\" content=\"image\/jpeg\" \/>\n<meta name=\"twitter:card\" content=\"summary_large_image\" \/>\n<meta name=\"twitter:label1\" content=\"Tempo de lectura\" \/>\n\t<meta name=\"twitter:data1\" content=\"1 minuto\" \/>\n<script type=\"application\/ld+json\" class=\"yoast-schema-graph\">{\"@context\":\"https:\/\/schema.org\",\"@graph\":[{\"@type\":\"WebPage\",\"@id\":\"http:\/\/sabugalia.com\/gl\/producto\/lote-dia-e-noite\/\",\"url\":\"http:\/\/sabugalia.com\/gl\/producto\/lote-dia-e-noite\/\",\"name\":\"Lote D\u00eda e Noite - Sabugalia\",\"isPartOf\":{\"@id\":\"https:\/\/sabugalia.com\/#website\"},\"primaryImageOfPage\":{\"@id\":\"http:\/\/sabugalia.com\/gl\/producto\/lote-dia-e-noite\/#primaryimage\"},\"image\":{\"@id\":\"http:\/\/sabugalia.com\/gl\/producto\/lote-dia-e-noite\/#primaryimage\"},\"thumbnailUrl\":\"https:\/\/sabugalia.com\/wp-content\/uploads\/2025\/04\/202505_Sabugalia_Dia_5_web.jpg\",\"datePublished\":\"2025-04-09T11:14:10+00:00\",\"dateModified\":\"2025-04-09T11:24:09+00:00\",\"breadcrumb\":{\"@id\":\"http:\/\/sabugalia.com\/gl\/producto\/lote-dia-e-noite\/#breadcrumb\"},\"inLanguage\":\"gl-ES\",\"potentialAction\":[{\"@type\":\"ReadAction\",\"target\":[\"http:\/\/sabugalia.com\/gl\/producto\/lote-dia-e-noite\/\"]}]},{\"@type\":\"ImageObject\",\"inLanguage\":\"gl-ES\",\"@id\":\"http:\/\/sabugalia.com\/gl\/producto\/lote-dia-e-noite\/#primaryimage\",\"url\":\"https:\/\/sabugalia.com\/wp-content\/uploads\/2025\/04\/202505_Sabugalia_Dia_5_web.jpg\",\"contentUrl\":\"https:\/\/sabugalia.com\/wp-content\/uploads\/2025\/04\/202505_Sabugalia_Dia_5_web.jpg\",\"width\":1500,\"height\":1500},{\"@type\":\"BreadcrumbList\",\"@id\":\"http:\/\/sabugalia.com\/gl\/producto\/lote-dia-e-noite\/#breadcrumb\",\"itemListElement\":[{\"@type\":\"ListItem\",\"position\":1,\"name\":\"Portada\",\"item\":\"https:\/\/sabugalia.com\/gl\/\"},{\"@type\":\"ListItem\",\"position\":2,\"name\":\"Tenda\",\"item\":\"https:\/\/sabugalia.com\/gl\/shop\/\"},{\"@type\":\"ListItem\",\"position\":3,\"name\":\"Lote D\u00eda e Noite\"}]},{\"@type\":\"WebSite\",\"@id\":\"https:\/\/sabugalia.com\/#website\",\"url\":\"https:\/\/sabugalia.com\/\",\"name\":\"Sabugalia\",\"description\":\"\",\"publisher\":{\"@id\":\"https:\/\/sabugalia.com\/#organization\"},\"potentialAction\":[{\"@type\":\"SearchAction\",\"target\":{\"@type\":\"EntryPoint\",\"urlTemplate\":\"https:\/\/sabugalia.com\/?s={search_term_string}\"},\"query-input\":{\"@type\":\"PropertyValueSpecification\",\"valueRequired\":true,\"valueName\":\"search_term_string\"}}],\"inLanguage\":\"gl-ES\"},{\"@type\":\"Organization\",\"@id\":\"https:\/\/sabugalia.com\/#organization\",\"name\":\"Sabugalia\",\"url\":\"https:\/\/sabugalia.com\/\",\"logo\":{\"@type\":\"ImageObject\",\"inLanguage\":\"gl-ES\",\"@id\":\"https:\/\/sabugalia.com\/#\/schema\/logo\/image\/\",\"url\":\"https:\/\/sabugalia.com\/wp-content\/uploads\/2024\/08\/LOGO-SABUGALIA.png\",\"contentUrl\":\"https:\/\/sabugalia.com\/wp-content\/uploads\/2024\/08\/LOGO-SABUGALIA.png\",\"width\":539,\"height\":158,\"caption\":\"Sabugalia\"},\"image\":{\"@id\":\"https:\/\/sabugalia.com\/#\/schema\/logo\/image\/\"}}]}<\/script>\n<!-- \/ Yoast SEO plugin. -->","yoast_head_json":{"title":"Lote D\u00eda e Noite - Sabugalia","robots":{"index":"index","follow":"follow","max-snippet":"max-snippet:-1","max-image-preview":"max-image-preview:large","max-video-preview":"max-video-preview:-1"},"canonical":"http:\/\/sabugalia.com\/gl\/producto\/lote-dia-e-noite\/","og_locale":"gl_ES","og_type":"article","og_title":"Lote D\u00eda e Noite - Sabugalia","og_description":"Ritual facial completo ma\u00f1\u00e1 e noite | Cosm\u00e9tica natural galega | Regalo con sentido","og_url":"http:\/\/sabugalia.com\/gl\/producto\/lote-dia-e-noite\/","og_site_name":"Sabugalia","article_modified_time":"2025-04-09T11:24:09+00:00","og_image":[{"width":1500,"height":1500,"url":"http:\/\/sabugalia.com\/wp-content\/uploads\/2025\/04\/202505_Sabugalia_Dia_5_web.jpg","type":"image\/jpeg"}],"twitter_card":"summary_large_image","twitter_misc":{"Tempo de lectura":"1 minuto"},"schema":{"@context":"https:\/\/schema.org","@graph":[{"@type":"WebPage","@id":"http:\/\/sabugalia.com\/gl\/producto\/lote-dia-e-noite\/","url":"http:\/\/sabugalia.com\/gl\/producto\/lote-dia-e-noite\/","name":"Lote D\u00eda e Noite - Sabugalia","isPartOf":{"@id":"https:\/\/sabugalia.com\/#website"},"primaryImageOfPage":{"@id":"http:\/\/sabugalia.com\/gl\/producto\/lote-dia-e-noite\/#primaryimage"},"image":{"@id":"http:\/\/sabugalia.com\/gl\/producto\/lote-dia-e-noite\/#primaryimage"},"thumbnailUrl":"https:\/\/sabugalia.com\/wp-content\/uploads\/2025\/04\/202505_Sabugalia_Dia_5_web.jpg","datePublished":"2025-04-09T11:14:10+00:00","dateModified":"2025-04-09T11:24:09+00:00","breadcrumb":{"@id":"http:\/\/sabugalia.com\/gl\/producto\/lote-dia-e-noite\/#breadcrumb"},"inLanguage":"gl-ES","potentialAction":[{"@type":"ReadAction","target":["http:\/\/sabugalia.com\/gl\/producto\/lote-dia-e-noite\/"]}]},{"@type":"ImageObject","inLanguage":"gl-ES","@id":"http:\/\/sabugalia.com\/gl\/producto\/lote-dia-e-noite\/#primaryimage","url":"https:\/\/sabugalia.com\/wp-content\/uploads\/2025\/04\/202505_Sabugalia_Dia_5_web.jpg","contentUrl":"https:\/\/sabugalia.com\/wp-content\/uploads\/2025\/04\/202505_Sabugalia_Dia_5_web.jpg","width":1500,"height":1500},{"@type":"BreadcrumbList","@id":"http:\/\/sabugalia.com\/gl\/producto\/lote-dia-e-noite\/#breadcrumb","itemListElement":[{"@type":"ListItem","position":1,"name":"Portada","item":"https:\/\/sabugalia.com\/gl\/"},{"@type":"ListItem","position":2,"name":"Tenda","item":"https:\/\/sabugalia.com\/gl\/shop\/"},{"@type":"ListItem","position":3,"name":"Lote D\u00eda e Noite"}]},{"@type":"WebSite","@id":"https:\/\/sabugalia.com\/#website","url":"https:\/\/sabugalia.com\/","name":"Sabugalia","description":"","publisher":{"@id":"https:\/\/sabugalia.com\/#organization"},"potentialAction":[{"@type":"SearchAction","target":{"@type":"EntryPoint","urlTemplate":"https:\/\/sabugalia.com\/?s={search_term_string}"},"query-input":{"@type":"PropertyValueSpecification","valueRequired":true,"valueName":"search_term_string"}}],"inLanguage":"gl-ES"},{"@type":"Organization","@id":"https:\/\/sabugalia.com\/#organization","name":"Sabugalia","url":"https:\/\/sabugalia.com\/","logo":{"@type":"ImageObject","inLanguage":"gl-ES","@id":"https:\/\/sabugalia.com\/#\/schema\/logo\/image\/","url":"https:\/\/sabugalia.com\/wp-content\/uploads\/2024\/08\/LOGO-SABUGALIA.png","contentUrl":"https:\/\/sabugalia.com\/wp-content\/uploads\/2024\/08\/LOGO-SABUGALIA.png","width":539,"height":158,"caption":"Sabugalia"},"image":{"@id":"https:\/\/sabugalia.com\/#\/schema\/logo\/image\/"}}]}},"_links":{"self":[{"href":"https:\/\/sabugalia.com\/gl\/wp-json\/wp\/v2\/product\/907","targetHints":{"allow":["GET"]}}],"collection":[{"href":"https:\/\/sabugalia.com\/gl\/wp-json\/wp\/v2\/product"}],"about":[{"href":"https:\/\/sabugalia.com\/gl\/wp-json\/wp\/v2\/types\/product"}],"replies":[{"embeddable":true,"href":"https:\/\/sabugalia.com\/gl\/wp-json\/wp\/v2\/comments?post=907"}],"wp:featuredmedia":[{"embeddable":true,"href":"https:\/\/sabugalia.com\/gl\/wp-json\/wp\/v2\/media\/955"}],"wp:attachment":[{"href":"https:\/\/sabugalia.com\/gl\/wp-json\/wp\/v2\/media?parent=907"}],"wp:term":[{"taxonomy":"product_brand","embeddable":true,"href":"https:\/\/sabugalia.com\/gl\/wp-json\/wp\/v2\/product_brand?post=907"},{"taxonomy":"product_cat","embeddable":true,"href":"https:\/\/sabugalia.com\/gl\/wp-json\/wp\/v2\/product_cat?post=907"},{"taxonomy":"product_tag","embeddable":true,"href":"https:\/\/sabugalia.com\/gl\/wp-json\/wp\/v2\/product_tag?post=907"}],"curies":[{"name":"wp","href":"https:\/\/api.w.org\/{rel}","templated":true}]}}