{"id":902,"date":"2025-04-09T12:54:17","date_gmt":"2025-04-09T10:54:17","guid":{"rendered":"https:\/\/sabugalia.com\/producto\/lote-naturaleza-completa\/"},"modified":"2025-04-09T13:08:10","modified_gmt":"2025-04-09T11:08:10","slug":"lote-naturaleza-completa","status":"publish","type":"product","link":"https:\/\/sabugalia.com\/gl\/producto\/lote-naturaleza-completa\/","title":{"rendered":"Lote Naturaleza Completa"},"content":{"rendered":"<style>#sp-ea-903 .spcollapsing { height: 0; overflow: hidden; transition-property: height;transition-duration: 300ms;}#sp-ea-903.sp-easy-accordion>.sp-ea-single {margin-bottom: 0px; border: 1px solid #0a0a0a; }#sp-ea-903.sp-easy-accordion>.sp-ea-single>.ea-header a {color: #444;}#sp-ea-903.sp-easy-accordion>.sp-ea-single>.sp-collapse>.ea-body {background: #ffffff; color: #444;}#sp-ea-903.sp-easy-accordion>.sp-ea-single {background: #ffffff;}#sp-ea-903.sp-easy-accordion>.sp-ea-single>.ea-header a .ea-expand-icon { float: left; color: #0a0a0a;font-size: 16px;}<\/style><div id=\"sp_easy_accordion-1725885240\"><div id=\"sp-ea-903\" class=\"sp-ea-one sp-easy-accordion\" data-ea-active=\"ea-click\" data-ea-mode=\"vertical\" data-preloader=\"\" data-scroll-active-item=\"\" data-offset-to-scroll=\"0\"><div class=\"ea-card sp-ea-single\"><h3 class=\"ea-header\"><a class=\"collapsed\" id=\"ea-header-9030\" role=\"button\" data-sptoggle=\"spcollapse\" data-sptarget=\"#collapse9030\" aria-controls=\"collapse9030\" href=\"#\" aria-expanded=\"false\" tabindex=\"0\"><i aria-hidden=\"true\" role=\"presentation\" class=\"ea-expand-icon eap-icon-ea-expand-plus\"><\/i> Descrici\u00f3n<\/a><\/h3><div class=\"sp-collapse spcollapse spcollapse\" id=\"collapse9030\" data-parent=\"#sp-ea-903\" role=\"region\" aria-labelledby=\"ea-header-9030\"> <div class=\"ea-body\"><p>O Lote Natureza Completa \u00e9 a expresi\u00f3n m\u00e1xima do universo Sabugalia. Re\u00fane os catro produtos esenciais para conectar coa natureza, mellorar o benestar e coidar da pel con ingredientes ecol\u00f3xicos do sabugueiro europeo.<\/p><p>Beleza, sa\u00fade e tradici\u00f3n nun s\u00f3 pack<br \/>Cosmetica natural galega sen aromas engadidos<br \/>Sabugueiro BIO de Galicia e norte de Portugal<\/p><\/div><\/div><\/div><div class=\"ea-card sp-ea-single\"><h3 class=\"ea-header\"><a class=\"collapsed\" id=\"ea-header-9031\" role=\"button\" data-sptoggle=\"spcollapse\" data-sptarget=\"#collapse9031\" aria-controls=\"collapse9031\" href=\"#\" aria-expanded=\"false\" tabindex=\"0\"><i aria-hidden=\"true\" role=\"presentation\" class=\"ea-expand-icon eap-icon-ea-expand-plus\"><\/i> Recomendado para<\/a><\/h3><div class=\"sp-collapse spcollapse spcollapse\" id=\"collapse9031\" data-parent=\"#sp-ea-903\" role=\"region\" aria-labelledby=\"ea-header-9031\"> <div class=\"ea-body\"><ul><li>Agasallos especiais e con significado<\/li><li>Comezar un estilo de vida natural e consciente<\/li><li>Crear un ritual de coidado completo: por dentro e por f\u00f3ra<\/li><li>Persoas que valoran a fitoterapia, a tradici\u00f3n galega e a sustentabilidade<\/li><\/ul><\/div><\/div><\/div><div class=\"ea-card sp-ea-single\"><h3 class=\"ea-header\"><a class=\"collapsed\" id=\"ea-header-9032\" role=\"button\" data-sptoggle=\"spcollapse\" data-sptarget=\"#collapse9032\" aria-controls=\"collapse9032\" href=\"#\" aria-expanded=\"false\" tabindex=\"0\"><i aria-hidden=\"true\" role=\"presentation\" class=\"ea-expand-icon eap-icon-ea-expand-plus\"><\/i> Consellos de uso<\/a><\/h3><div class=\"sp-collapse spcollapse spcollapse\" id=\"collapse9032\" data-parent=\"#sp-ea-903\" role=\"region\" aria-labelledby=\"ea-header-9032\"> <div class=\"ea-body\"><p>Emprega o <strong>t\u00f3nico de flor de sabugueiro<\/strong> para calmar e tonificar a pel cada ma\u00f1\u00e1. O <strong>t\u00f3nico de bagas<\/strong> \u00e9 ideal para revitalizar e achegar antioxidantes \u00e1 pel madura ou apagada.<br \/>As <strong>flores secas<\/strong> poden usarse en infusi\u00f3ns, ba\u00f1os ou t\u00f3nicos calmantes. Coas <strong>bagas deshidratadas<\/strong>, prepara infusi\u00f3ns inmunoestimulantes, xaropes ou sobremesas saudables.<\/p><\/div><\/div><\/div><div class=\"ea-card sp-ea-single\"><h3 class=\"ea-header\"><a class=\"collapsed\" id=\"ea-header-9033\" role=\"button\" data-sptoggle=\"spcollapse\" data-sptarget=\"#collapse9033\" aria-controls=\"collapse9033\" href=\"#\" aria-expanded=\"false\" tabindex=\"0\"><i aria-hidden=\"true\" role=\"presentation\" class=\"ea-expand-icon eap-icon-ea-expand-plus\"><\/i> Beneficios e propiedades<\/a><\/h3><div class=\"sp-collapse spcollapse spcollapse\" id=\"collapse9033\" data-parent=\"#sp-ea-903\" role=\"region\" aria-labelledby=\"ea-header-9033\"> <div class=\"ea-body\"><ul><li>Beleza natural para pel sensible, madura ou con estr\u00e9s<\/li><li>Antioxidantes naturais que combaten o envellecemento<\/li><li>Fortalecemento do sistema inmunitario<\/li><li>Sen perfumes, sen glute, 100% vexetal e BIO<\/li><li>Ingredientes galegos con historia e identidade<\/li><\/ul><\/div><\/div><\/div><div class=\"ea-card sp-ea-single\"><h3 class=\"ea-header\"><a class=\"collapsed\" id=\"ea-header-9034\" role=\"button\" data-sptoggle=\"spcollapse\" data-sptarget=\"#collapse9034\" aria-controls=\"collapse9034\" href=\"#\" aria-expanded=\"false\" tabindex=\"0\"><i aria-hidden=\"true\" role=\"presentation\" class=\"ea-expand-icon eap-icon-ea-expand-plus\"><\/i> Contido do lote<\/a><\/h3><div class=\"sp-collapse spcollapse spcollapse\" id=\"collapse9034\" data-parent=\"#sp-ea-903\" role=\"region\" aria-labelledby=\"ea-header-9034\"> <div class=\"ea-body\"><ul><li><strong>T\u00f3nico facial calmante<\/strong> de flor de sabugueiro \u2013 100ml<\/li><li><strong>T\u00f3nico facial purificante<\/strong> de bagas de sabugueiro \u2013 100ml<\/li><li><strong>Bagas de sabugueiro deshidratadas<\/strong> \u2013 140g<\/li><li><strong>Flores de sabugueiro deshidratadas<\/strong> \u2013 40g<\/li><\/ul><\/div><\/div><\/div><div class=\"ea-card sp-ea-single\"><h3 class=\"ea-header\"><a class=\"collapsed\" id=\"ea-header-9035\" role=\"button\" data-sptoggle=\"spcollapse\" data-sptarget=\"#collapse9035\" aria-controls=\"collapse9035\" href=\"#\" aria-expanded=\"false\" tabindex=\"0\"><i aria-hidden=\"true\" role=\"presentation\" class=\"ea-expand-icon eap-icon-ea-expand-plus\"><\/i> Formato<\/a><\/h3><div class=\"sp-collapse spcollapse spcollapse\" id=\"collapse9035\" data-parent=\"#sp-ea-903\" role=\"region\" aria-labelledby=\"ea-header-9035\"> <div class=\"ea-body\"><p>Presentado en caixa de agasallo Sabugalia. Un ritual completo da natureza galega para regalar ou regalarse.<\/p><\/div><\/div><\/div><\/div><\/div>\n","protected":false},"excerpt":{"rendered":"<p><strong>A experiencia Sabugalia ao completo | Coidado integral | Regalo con alma galega<\/strong><\/p>\n","protected":false},"featured_media":965,"comment_status":"closed","ping_status":"closed","template":"","meta":[],"product_brand":[],"product_cat":[30],"product_tag":[],"class_list":{"0":"post-902","1":"product","2":"type-product","3":"status-publish","4":"has-post-thumbnail","6":"product_cat-sin-categorizar-gl","8":"first","9":"instock","10":"taxable","11":"shipping-taxable","12":"purchasable","13":"product-type-simple"},"yoast_head":"<!-- This site is optimized with the Yoast SEO plugin v26.3 - https:\/\/yoast.com\/wordpress\/plugins\/seo\/ -->\n<title>Lote Naturaleza Completa - Sabugalia<\/title>\n<meta name=\"robots\" content=\"index, follow, max-snippet:-1, max-image-preview:large, max-video-preview:-1\" \/>\n<link rel=\"canonical\" href=\"http:\/\/sabugalia.com\/gl\/producto\/lote-naturaleza-completa\/\" \/>\n<meta property=\"og:locale\" content=\"gl_ES\" \/>\n<meta property=\"og:type\" content=\"article\" \/>\n<meta property=\"og:title\" content=\"Lote Naturaleza Completa - Sabugalia\" \/>\n<meta property=\"og:description\" content=\"A experiencia Sabugalia ao completo | Coidado integral | Regalo con alma galega\" \/>\n<meta property=\"og:url\" content=\"http:\/\/sabugalia.com\/gl\/producto\/lote-naturaleza-completa\/\" \/>\n<meta property=\"og:site_name\" content=\"Sabugalia\" \/>\n<meta property=\"article:modified_time\" content=\"2025-04-09T11:08:10+00:00\" \/>\n<meta property=\"og:image\" content=\"http:\/\/sabugalia.com\/wp-content\/uploads\/2025\/04\/202505_Sabugalia_Completo_5_web.jpg\" \/>\n\t<meta property=\"og:image:width\" content=\"1500\" \/>\n\t<meta property=\"og:image:height\" content=\"1500\" \/>\n\t<meta property=\"og:image:type\" content=\"image\/jpeg\" \/>\n<meta name=\"twitter:card\" content=\"summary_large_image\" \/>\n<meta name=\"twitter:label1\" content=\"Tempo de lectura\" \/>\n\t<meta name=\"twitter:data1\" content=\"1 minuto\" \/>\n<script type=\"application\/ld+json\" class=\"yoast-schema-graph\">{\"@context\":\"https:\/\/schema.org\",\"@graph\":[{\"@type\":\"WebPage\",\"@id\":\"http:\/\/sabugalia.com\/gl\/producto\/lote-naturaleza-completa\/\",\"url\":\"http:\/\/sabugalia.com\/gl\/producto\/lote-naturaleza-completa\/\",\"name\":\"Lote Naturaleza Completa - Sabugalia\",\"isPartOf\":{\"@id\":\"https:\/\/sabugalia.com\/#website\"},\"primaryImageOfPage\":{\"@id\":\"http:\/\/sabugalia.com\/gl\/producto\/lote-naturaleza-completa\/#primaryimage\"},\"image\":{\"@id\":\"http:\/\/sabugalia.com\/gl\/producto\/lote-naturaleza-completa\/#primaryimage\"},\"thumbnailUrl\":\"https:\/\/sabugalia.com\/wp-content\/uploads\/2025\/04\/202505_Sabugalia_Completo_5_web.jpg\",\"datePublished\":\"2025-04-09T10:54:17+00:00\",\"dateModified\":\"2025-04-09T11:08:10+00:00\",\"breadcrumb\":{\"@id\":\"http:\/\/sabugalia.com\/gl\/producto\/lote-naturaleza-completa\/#breadcrumb\"},\"inLanguage\":\"gl-ES\",\"potentialAction\":[{\"@type\":\"ReadAction\",\"target\":[\"http:\/\/sabugalia.com\/gl\/producto\/lote-naturaleza-completa\/\"]}]},{\"@type\":\"ImageObject\",\"inLanguage\":\"gl-ES\",\"@id\":\"http:\/\/sabugalia.com\/gl\/producto\/lote-naturaleza-completa\/#primaryimage\",\"url\":\"https:\/\/sabugalia.com\/wp-content\/uploads\/2025\/04\/202505_Sabugalia_Completo_5_web.jpg\",\"contentUrl\":\"https:\/\/sabugalia.com\/wp-content\/uploads\/2025\/04\/202505_Sabugalia_Completo_5_web.jpg\",\"width\":1500,\"height\":1500},{\"@type\":\"BreadcrumbList\",\"@id\":\"http:\/\/sabugalia.com\/gl\/producto\/lote-naturaleza-completa\/#breadcrumb\",\"itemListElement\":[{\"@type\":\"ListItem\",\"position\":1,\"name\":\"Portada\",\"item\":\"https:\/\/sabugalia.com\/gl\/\"},{\"@type\":\"ListItem\",\"position\":2,\"name\":\"Tenda\",\"item\":\"https:\/\/sabugalia.com\/gl\/shop\/\"},{\"@type\":\"ListItem\",\"position\":3,\"name\":\"Lote Naturaleza Completa\"}]},{\"@type\":\"WebSite\",\"@id\":\"https:\/\/sabugalia.com\/#website\",\"url\":\"https:\/\/sabugalia.com\/\",\"name\":\"Sabugalia\",\"description\":\"\",\"publisher\":{\"@id\":\"https:\/\/sabugalia.com\/#organization\"},\"potentialAction\":[{\"@type\":\"SearchAction\",\"target\":{\"@type\":\"EntryPoint\",\"urlTemplate\":\"https:\/\/sabugalia.com\/?s={search_term_string}\"},\"query-input\":{\"@type\":\"PropertyValueSpecification\",\"valueRequired\":true,\"valueName\":\"search_term_string\"}}],\"inLanguage\":\"gl-ES\"},{\"@type\":\"Organization\",\"@id\":\"https:\/\/sabugalia.com\/#organization\",\"name\":\"Sabugalia\",\"url\":\"https:\/\/sabugalia.com\/\",\"logo\":{\"@type\":\"ImageObject\",\"inLanguage\":\"gl-ES\",\"@id\":\"https:\/\/sabugalia.com\/#\/schema\/logo\/image\/\",\"url\":\"https:\/\/sabugalia.com\/wp-content\/uploads\/2024\/08\/LOGO-SABUGALIA.png\",\"contentUrl\":\"https:\/\/sabugalia.com\/wp-content\/uploads\/2024\/08\/LOGO-SABUGALIA.png\",\"width\":539,\"height\":158,\"caption\":\"Sabugalia\"},\"image\":{\"@id\":\"https:\/\/sabugalia.com\/#\/schema\/logo\/image\/\"}}]}<\/script>\n<!-- \/ Yoast SEO plugin. -->","yoast_head_json":{"title":"Lote Naturaleza Completa - Sabugalia","robots":{"index":"index","follow":"follow","max-snippet":"max-snippet:-1","max-image-preview":"max-image-preview:large","max-video-preview":"max-video-preview:-1"},"canonical":"http:\/\/sabugalia.com\/gl\/producto\/lote-naturaleza-completa\/","og_locale":"gl_ES","og_type":"article","og_title":"Lote Naturaleza Completa - Sabugalia","og_description":"A experiencia Sabugalia ao completo | Coidado integral | Regalo con alma galega","og_url":"http:\/\/sabugalia.com\/gl\/producto\/lote-naturaleza-completa\/","og_site_name":"Sabugalia","article_modified_time":"2025-04-09T11:08:10+00:00","og_image":[{"width":1500,"height":1500,"url":"http:\/\/sabugalia.com\/wp-content\/uploads\/2025\/04\/202505_Sabugalia_Completo_5_web.jpg","type":"image\/jpeg"}],"twitter_card":"summary_large_image","twitter_misc":{"Tempo de lectura":"1 minuto"},"schema":{"@context":"https:\/\/schema.org","@graph":[{"@type":"WebPage","@id":"http:\/\/sabugalia.com\/gl\/producto\/lote-naturaleza-completa\/","url":"http:\/\/sabugalia.com\/gl\/producto\/lote-naturaleza-completa\/","name":"Lote Naturaleza Completa - Sabugalia","isPartOf":{"@id":"https:\/\/sabugalia.com\/#website"},"primaryImageOfPage":{"@id":"http:\/\/sabugalia.com\/gl\/producto\/lote-naturaleza-completa\/#primaryimage"},"image":{"@id":"http:\/\/sabugalia.com\/gl\/producto\/lote-naturaleza-completa\/#primaryimage"},"thumbnailUrl":"https:\/\/sabugalia.com\/wp-content\/uploads\/2025\/04\/202505_Sabugalia_Completo_5_web.jpg","datePublished":"2025-04-09T10:54:17+00:00","dateModified":"2025-04-09T11:08:10+00:00","breadcrumb":{"@id":"http:\/\/sabugalia.com\/gl\/producto\/lote-naturaleza-completa\/#breadcrumb"},"inLanguage":"gl-ES","potentialAction":[{"@type":"ReadAction","target":["http:\/\/sabugalia.com\/gl\/producto\/lote-naturaleza-completa\/"]}]},{"@type":"ImageObject","inLanguage":"gl-ES","@id":"http:\/\/sabugalia.com\/gl\/producto\/lote-naturaleza-completa\/#primaryimage","url":"https:\/\/sabugalia.com\/wp-content\/uploads\/2025\/04\/202505_Sabugalia_Completo_5_web.jpg","contentUrl":"https:\/\/sabugalia.com\/wp-content\/uploads\/2025\/04\/202505_Sabugalia_Completo_5_web.jpg","width":1500,"height":1500},{"@type":"BreadcrumbList","@id":"http:\/\/sabugalia.com\/gl\/producto\/lote-naturaleza-completa\/#breadcrumb","itemListElement":[{"@type":"ListItem","position":1,"name":"Portada","item":"https:\/\/sabugalia.com\/gl\/"},{"@type":"ListItem","position":2,"name":"Tenda","item":"https:\/\/sabugalia.com\/gl\/shop\/"},{"@type":"ListItem","position":3,"name":"Lote Naturaleza Completa"}]},{"@type":"WebSite","@id":"https:\/\/sabugalia.com\/#website","url":"https:\/\/sabugalia.com\/","name":"Sabugalia","description":"","publisher":{"@id":"https:\/\/sabugalia.com\/#organization"},"potentialAction":[{"@type":"SearchAction","target":{"@type":"EntryPoint","urlTemplate":"https:\/\/sabugalia.com\/?s={search_term_string}"},"query-input":{"@type":"PropertyValueSpecification","valueRequired":true,"valueName":"search_term_string"}}],"inLanguage":"gl-ES"},{"@type":"Organization","@id":"https:\/\/sabugalia.com\/#organization","name":"Sabugalia","url":"https:\/\/sabugalia.com\/","logo":{"@type":"ImageObject","inLanguage":"gl-ES","@id":"https:\/\/sabugalia.com\/#\/schema\/logo\/image\/","url":"https:\/\/sabugalia.com\/wp-content\/uploads\/2024\/08\/LOGO-SABUGALIA.png","contentUrl":"https:\/\/sabugalia.com\/wp-content\/uploads\/2024\/08\/LOGO-SABUGALIA.png","width":539,"height":158,"caption":"Sabugalia"},"image":{"@id":"https:\/\/sabugalia.com\/#\/schema\/logo\/image\/"}}]}},"_links":{"self":[{"href":"https:\/\/sabugalia.com\/gl\/wp-json\/wp\/v2\/product\/902","targetHints":{"allow":["GET"]}}],"collection":[{"href":"https:\/\/sabugalia.com\/gl\/wp-json\/wp\/v2\/product"}],"about":[{"href":"https:\/\/sabugalia.com\/gl\/wp-json\/wp\/v2\/types\/product"}],"replies":[{"embeddable":true,"href":"https:\/\/sabugalia.com\/gl\/wp-json\/wp\/v2\/comments?post=902"}],"wp:featuredmedia":[{"embeddable":true,"href":"https:\/\/sabugalia.com\/gl\/wp-json\/wp\/v2\/media\/965"}],"wp:attachment":[{"href":"https:\/\/sabugalia.com\/gl\/wp-json\/wp\/v2\/media?parent=902"}],"wp:term":[{"taxonomy":"product_brand","embeddable":true,"href":"https:\/\/sabugalia.com\/gl\/wp-json\/wp\/v2\/product_brand?post=902"},{"taxonomy":"product_cat","embeddable":true,"href":"https:\/\/sabugalia.com\/gl\/wp-json\/wp\/v2\/product_cat?post=902"},{"taxonomy":"product_tag","embeddable":true,"href":"https:\/\/sabugalia.com\/gl\/wp-json\/wp\/v2\/product_tag?post=902"}],"curies":[{"name":"wp","href":"https:\/\/api.w.org\/{rel}","templated":true}]}}