{"id":891,"date":"2025-01-13T08:21:58","date_gmt":"2025-01-13T07:21:58","guid":{"rendered":"https:\/\/sabugalia.com\/producto\/bagas-de-sabugueiro-bio-deshidratadas-140g\/"},"modified":"2025-04-09T11:49:28","modified_gmt":"2025-04-09T09:49:28","slug":"bagas-de-sabugueiro-bio-deshidratadas-140g","status":"publish","type":"product","link":"https:\/\/sabugalia.com\/gl\/producto\/bagas-de-sabugueiro-bio-deshidratadas-140g\/","title":{"rendered":"Bagas de sabugueiro BIO deshidratadas \u2013 140g"},"content":{"rendered":"<style>#sp-ea-892 .spcollapsing { height: 0; overflow: hidden; transition-property: height;transition-duration: 300ms;}#sp-ea-892.sp-easy-accordion>.sp-ea-single {margin-bottom: 0px; border: 1px solid #0a0a0a; }#sp-ea-892.sp-easy-accordion>.sp-ea-single>.ea-header a {color: #444;}#sp-ea-892.sp-easy-accordion>.sp-ea-single>.sp-collapse>.ea-body {background: #ffffff; color: #444;}#sp-ea-892.sp-easy-accordion>.sp-ea-single {background: #ffffff;}#sp-ea-892.sp-easy-accordion>.sp-ea-single>.ea-header a .ea-expand-icon { float: left; color: #0a0a0a;font-size: 16px;}<\/style><div id=\"sp_easy_accordion-1725885240\"><div id=\"sp-ea-892\" class=\"sp-ea-one sp-easy-accordion\" data-ea-active=\"ea-click\" data-ea-mode=\"vertical\" data-preloader=\"\" data-scroll-active-item=\"\" data-offset-to-scroll=\"0\"><div class=\"ea-card sp-ea-single\"><h3 class=\"ea-header\"><a class=\"collapsed\" id=\"ea-header-8920\" role=\"button\" data-sptoggle=\"spcollapse\" data-sptarget=\"#collapse8920\" aria-controls=\"collapse8920\" href=\"#\" aria-expanded=\"false\" tabindex=\"0\"><i aria-hidden=\"true\" role=\"presentation\" class=\"ea-expand-icon eap-icon-ea-expand-plus\"><\/i> Descrici\u00f3n<\/a><\/h3><div class=\"sp-collapse spcollapse spcollapse\" id=\"collapse8920\" data-parent=\"#sp-ea-892\" role=\"region\" aria-labelledby=\"ea-header-8920\"> <div class=\"ea-body\"><p>Bagas maduras de sabugueiro europeo (Sambucus Nigra L.) deshidratadas a baixa temperatura para conservar todos os seus principios activos. Cultivadas de forma sostible en Galicia e o norte de Portugal, estas pequenas bagas negras son un superalimento tradicional con m\u00faltiples usos e beneficios.<\/p><p>Produto ecol\u00f3xico certificado, sen aditivos.<br \/>Collidas no seu punto \u00f3ptimo de maduraci\u00f3n.<br \/>Sabugalia traballa s\u00f3 con sabugueiro europeo (non h\u00edbrido).<\/p><\/div><\/div><\/div><div class=\"ea-card sp-ea-single\"><h3 class=\"ea-header\"><a class=\"collapsed\" id=\"ea-header-8921\" role=\"button\" data-sptoggle=\"spcollapse\" data-sptarget=\"#collapse8921\" aria-controls=\"collapse8921\" href=\"#\" aria-expanded=\"false\" tabindex=\"0\"><i aria-hidden=\"true\" role=\"presentation\" class=\"ea-expand-icon eap-icon-ea-expand-plus\"><\/i> Recomendado para<\/a><\/h3><div class=\"sp-collapse spcollapse spcollapse\" id=\"collapse8921\" data-parent=\"#sp-ea-892\" role=\"region\" aria-labelledby=\"ea-header-8921\"> <div class=\"ea-body\"><ul><li>Persoas que buscan reforzar o sistema inmune de forma natural<\/li><li>Elaboraci\u00f3n de infusi\u00f3ns, marmeladas, xaropes ou cosm\u00e9ticos caseiros<\/li><li>Regalos sostibles e con identidade galega<\/li><li>Fitoterapia, sa\u00fade natural e autocuidado<\/li><\/ul><\/div><\/div><\/div><div class=\"ea-card sp-ea-single\"><h3 class=\"ea-header\"><a class=\"collapsed\" id=\"ea-header-8922\" role=\"button\" data-sptoggle=\"spcollapse\" data-sptarget=\"#collapse8922\" aria-controls=\"collapse8922\" href=\"#\" aria-expanded=\"false\" tabindex=\"0\"><i aria-hidden=\"true\" role=\"presentation\" class=\"ea-expand-icon eap-icon-ea-expand-plus\"><\/i> Consellos de uso<\/a><\/h3><div class=\"sp-collapse spcollapse spcollapse\" id=\"collapse8922\" data-parent=\"#sp-ea-892\" role=\"region\" aria-labelledby=\"ea-header-8922\"> <div class=\"ea-body\"><p><strong>Uso interno:<\/strong> Cocer 1 cullerada de bagas secas en auga durante 10-15 minutos. Coar e beber como infusi\u00f3n ou empregar para preparar xaropes, marmeladas, sobremesas ou licores.<br \/><strong>Uso externo:<\/strong> Macerar en aceite ou alcol para facer t\u00f3nicos, extractos ou cosm\u00e9tica natural antioxidante.<\/p><p><em>Conservar nun lugar fresco e seco. Non consumir cr\u00faas. Coci\u00f1ar antes do seu uso.<\/em><\/p><\/div><\/div><\/div><div class=\"ea-card sp-ea-single\"><h3 class=\"ea-header\"><a class=\"collapsed\" id=\"ea-header-8923\" role=\"button\" data-sptoggle=\"spcollapse\" data-sptarget=\"#collapse8923\" aria-controls=\"collapse8923\" href=\"#\" aria-expanded=\"false\" tabindex=\"0\"><i aria-hidden=\"true\" role=\"presentation\" class=\"ea-expand-icon eap-icon-ea-expand-plus\"><\/i> Beneficios e propiedades<\/a><\/h3><div class=\"sp-collapse spcollapse spcollapse\" id=\"collapse8923\" data-parent=\"#sp-ea-892\" role=\"region\" aria-labelledby=\"ea-header-8923\"> <div class=\"ea-body\"><ul><li>Ref\u00f3rzante natural do sistema inmunitario<\/li><li>Alto poder antioxidante<\/li><li>Actividade antiviral e antiinflamatoria<\/li><li>Axuda contra catarros e procesos gripais<\/li><li>Propiedades depurativas e dixestivas<\/li><li>Benestar xeral e coidado natural<\/li><\/ul><\/div><\/div><\/div><div class=\"ea-card sp-ea-single\"><h3 class=\"ea-header\"><a class=\"collapsed\" id=\"ea-header-8924\" role=\"button\" data-sptoggle=\"spcollapse\" data-sptarget=\"#collapse8924\" aria-controls=\"collapse8924\" href=\"#\" aria-expanded=\"false\" tabindex=\"0\"><i aria-hidden=\"true\" role=\"presentation\" class=\"ea-expand-icon eap-icon-ea-expand-plus\"><\/i> Ingredientes<\/a><\/h3><div class=\"sp-collapse spcollapse spcollapse\" id=\"collapse8924\" data-parent=\"#sp-ea-892\" role=\"region\" aria-labelledby=\"ea-header-8924\"> <div class=\"ea-body\"><p>Bagas maduras deshidratadas de <strong>sabugueiro europeo (Sambucus Nigra L.)<br \/><\/strong>Orixe: Galicia e norte de Portugal<br \/><strong>100% natural, vegano, sen glute, BIO.<\/strong><\/p><\/div><\/div><\/div><div class=\"ea-card sp-ea-single\"><h3 class=\"ea-header\"><a class=\"collapsed\" id=\"ea-header-8925\" role=\"button\" data-sptoggle=\"spcollapse\" data-sptarget=\"#collapse8925\" aria-controls=\"collapse8925\" href=\"#\" aria-expanded=\"false\" tabindex=\"0\"><i aria-hidden=\"true\" role=\"presentation\" class=\"ea-expand-icon eap-icon-ea-expand-plus\"><\/i> Formato<\/a><\/h3><div class=\"sp-collapse spcollapse spcollapse\" id=\"collapse8925\" data-parent=\"#sp-ea-892\" role=\"region\" aria-labelledby=\"ea-header-8925\"> <div class=\"ea-body\"><p>Bolsa kraft compostable con peche tipo zip.<br \/><strong>Peso neto: 140g<\/strong><\/p><\/div><\/div><\/div><\/div><\/div>\n","protected":false},"excerpt":{"rendered":"<p><strong>100% Natural | BIO | Vexetais | Sen glute | Cultivo galego e do norte de Portugal<\/strong><\/p>\n","protected":false},"featured_media":929,"comment_status":"closed","ping_status":"closed","template":"","meta":[],"product_brand":[],"product_cat":[30],"product_tag":[],"class_list":{"0":"post-891","1":"product","2":"type-product","3":"status-publish","4":"has-post-thumbnail","6":"product_cat-sin-categorizar-gl","8":"first","9":"instock","10":"taxable","11":"shipping-taxable","12":"purchasable","13":"product-type-simple"},"yoast_head":"<!-- This site is optimized with the Yoast SEO plugin v26.3 - https:\/\/yoast.com\/wordpress\/plugins\/seo\/ -->\n<title>Bagas de sabugueiro BIO deshidratadas \u2013 140g - Sabugalia<\/title>\n<meta name=\"robots\" content=\"index, follow, max-snippet:-1, max-image-preview:large, max-video-preview:-1\" \/>\n<link rel=\"canonical\" href=\"https:\/\/sabugalia.com\/gl\/producto\/bagas-de-sabugueiro-bio-deshidratadas-140g\/\" \/>\n<meta property=\"og:locale\" content=\"gl_ES\" \/>\n<meta property=\"og:type\" content=\"article\" \/>\n<meta property=\"og:title\" content=\"Bagas de sabugueiro BIO deshidratadas \u2013 140g - Sabugalia\" \/>\n<meta property=\"og:description\" content=\"100% Natural | BIO | Vexetais | Sen glute | Cultivo galego e do norte de Portugal\" \/>\n<meta property=\"og:url\" content=\"https:\/\/sabugalia.com\/gl\/producto\/bagas-de-sabugueiro-bio-deshidratadas-140g\/\" \/>\n<meta property=\"og:site_name\" content=\"Sabugalia\" \/>\n<meta property=\"article:modified_time\" content=\"2025-04-09T09:49:28+00:00\" \/>\n<meta property=\"og:image\" content=\"https:\/\/sabugalia.com\/wp-content\/uploads\/2025\/01\/202505_Sabugalia_bolsa_1_web.jpg\" \/>\n\t<meta property=\"og:image:width\" content=\"1500\" \/>\n\t<meta property=\"og:image:height\" content=\"1500\" \/>\n\t<meta property=\"og:image:type\" content=\"image\/jpeg\" \/>\n<meta name=\"twitter:card\" content=\"summary_large_image\" \/>\n<meta name=\"twitter:label1\" content=\"Tempo de lectura\" \/>\n\t<meta name=\"twitter:data1\" content=\"1 minuto\" \/>\n<script type=\"application\/ld+json\" class=\"yoast-schema-graph\">{\"@context\":\"https:\/\/schema.org\",\"@graph\":[{\"@type\":\"WebPage\",\"@id\":\"https:\/\/sabugalia.com\/gl\/producto\/bagas-de-sabugueiro-bio-deshidratadas-140g\/\",\"url\":\"https:\/\/sabugalia.com\/gl\/producto\/bagas-de-sabugueiro-bio-deshidratadas-140g\/\",\"name\":\"Bagas de sabugueiro BIO deshidratadas \u2013 140g - Sabugalia\",\"isPartOf\":{\"@id\":\"https:\/\/sabugalia.com\/#website\"},\"primaryImageOfPage\":{\"@id\":\"https:\/\/sabugalia.com\/gl\/producto\/bagas-de-sabugueiro-bio-deshidratadas-140g\/#primaryimage\"},\"image\":{\"@id\":\"https:\/\/sabugalia.com\/gl\/producto\/bagas-de-sabugueiro-bio-deshidratadas-140g\/#primaryimage\"},\"thumbnailUrl\":\"https:\/\/sabugalia.com\/wp-content\/uploads\/2025\/01\/202505_Sabugalia_bolsa_1_web.jpg\",\"datePublished\":\"2025-01-13T07:21:58+00:00\",\"dateModified\":\"2025-04-09T09:49:28+00:00\",\"breadcrumb\":{\"@id\":\"https:\/\/sabugalia.com\/gl\/producto\/bagas-de-sabugueiro-bio-deshidratadas-140g\/#breadcrumb\"},\"inLanguage\":\"gl-ES\",\"potentialAction\":[{\"@type\":\"ReadAction\",\"target\":[\"https:\/\/sabugalia.com\/gl\/producto\/bagas-de-sabugueiro-bio-deshidratadas-140g\/\"]}]},{\"@type\":\"ImageObject\",\"inLanguage\":\"gl-ES\",\"@id\":\"https:\/\/sabugalia.com\/gl\/producto\/bagas-de-sabugueiro-bio-deshidratadas-140g\/#primaryimage\",\"url\":\"https:\/\/sabugalia.com\/wp-content\/uploads\/2025\/01\/202505_Sabugalia_bolsa_1_web.jpg\",\"contentUrl\":\"https:\/\/sabugalia.com\/wp-content\/uploads\/2025\/01\/202505_Sabugalia_bolsa_1_web.jpg\",\"width\":1500,\"height\":1500},{\"@type\":\"BreadcrumbList\",\"@id\":\"https:\/\/sabugalia.com\/gl\/producto\/bagas-de-sabugueiro-bio-deshidratadas-140g\/#breadcrumb\",\"itemListElement\":[{\"@type\":\"ListItem\",\"position\":1,\"name\":\"Portada\",\"item\":\"https:\/\/sabugalia.com\/gl\/\"},{\"@type\":\"ListItem\",\"position\":2,\"name\":\"Tenda\",\"item\":\"https:\/\/sabugalia.com\/gl\/shop\/\"},{\"@type\":\"ListItem\",\"position\":3,\"name\":\"Bagas de sabugueiro BIO deshidratadas \u2013 140g\"}]},{\"@type\":\"WebSite\",\"@id\":\"https:\/\/sabugalia.com\/#website\",\"url\":\"https:\/\/sabugalia.com\/\",\"name\":\"Sabugalia\",\"description\":\"\",\"publisher\":{\"@id\":\"https:\/\/sabugalia.com\/#organization\"},\"potentialAction\":[{\"@type\":\"SearchAction\",\"target\":{\"@type\":\"EntryPoint\",\"urlTemplate\":\"https:\/\/sabugalia.com\/?s={search_term_string}\"},\"query-input\":{\"@type\":\"PropertyValueSpecification\",\"valueRequired\":true,\"valueName\":\"search_term_string\"}}],\"inLanguage\":\"gl-ES\"},{\"@type\":\"Organization\",\"@id\":\"https:\/\/sabugalia.com\/#organization\",\"name\":\"Sabugalia\",\"url\":\"https:\/\/sabugalia.com\/\",\"logo\":{\"@type\":\"ImageObject\",\"inLanguage\":\"gl-ES\",\"@id\":\"https:\/\/sabugalia.com\/#\/schema\/logo\/image\/\",\"url\":\"https:\/\/sabugalia.com\/wp-content\/uploads\/2024\/08\/LOGO-SABUGALIA.png\",\"contentUrl\":\"https:\/\/sabugalia.com\/wp-content\/uploads\/2024\/08\/LOGO-SABUGALIA.png\",\"width\":539,\"height\":158,\"caption\":\"Sabugalia\"},\"image\":{\"@id\":\"https:\/\/sabugalia.com\/#\/schema\/logo\/image\/\"}}]}<\/script>\n<!-- \/ Yoast SEO plugin. -->","yoast_head_json":{"title":"Bagas de sabugueiro BIO deshidratadas \u2013 140g - Sabugalia","robots":{"index":"index","follow":"follow","max-snippet":"max-snippet:-1","max-image-preview":"max-image-preview:large","max-video-preview":"max-video-preview:-1"},"canonical":"https:\/\/sabugalia.com\/gl\/producto\/bagas-de-sabugueiro-bio-deshidratadas-140g\/","og_locale":"gl_ES","og_type":"article","og_title":"Bagas de sabugueiro BIO deshidratadas \u2013 140g - Sabugalia","og_description":"100% Natural | BIO | Vexetais | Sen glute | Cultivo galego e do norte de Portugal","og_url":"https:\/\/sabugalia.com\/gl\/producto\/bagas-de-sabugueiro-bio-deshidratadas-140g\/","og_site_name":"Sabugalia","article_modified_time":"2025-04-09T09:49:28+00:00","og_image":[{"width":1500,"height":1500,"url":"https:\/\/sabugalia.com\/wp-content\/uploads\/2025\/01\/202505_Sabugalia_bolsa_1_web.jpg","type":"image\/jpeg"}],"twitter_card":"summary_large_image","twitter_misc":{"Tempo de lectura":"1 minuto"},"schema":{"@context":"https:\/\/schema.org","@graph":[{"@type":"WebPage","@id":"https:\/\/sabugalia.com\/gl\/producto\/bagas-de-sabugueiro-bio-deshidratadas-140g\/","url":"https:\/\/sabugalia.com\/gl\/producto\/bagas-de-sabugueiro-bio-deshidratadas-140g\/","name":"Bagas de sabugueiro BIO deshidratadas \u2013 140g - Sabugalia","isPartOf":{"@id":"https:\/\/sabugalia.com\/#website"},"primaryImageOfPage":{"@id":"https:\/\/sabugalia.com\/gl\/producto\/bagas-de-sabugueiro-bio-deshidratadas-140g\/#primaryimage"},"image":{"@id":"https:\/\/sabugalia.com\/gl\/producto\/bagas-de-sabugueiro-bio-deshidratadas-140g\/#primaryimage"},"thumbnailUrl":"https:\/\/sabugalia.com\/wp-content\/uploads\/2025\/01\/202505_Sabugalia_bolsa_1_web.jpg","datePublished":"2025-01-13T07:21:58+00:00","dateModified":"2025-04-09T09:49:28+00:00","breadcrumb":{"@id":"https:\/\/sabugalia.com\/gl\/producto\/bagas-de-sabugueiro-bio-deshidratadas-140g\/#breadcrumb"},"inLanguage":"gl-ES","potentialAction":[{"@type":"ReadAction","target":["https:\/\/sabugalia.com\/gl\/producto\/bagas-de-sabugueiro-bio-deshidratadas-140g\/"]}]},{"@type":"ImageObject","inLanguage":"gl-ES","@id":"https:\/\/sabugalia.com\/gl\/producto\/bagas-de-sabugueiro-bio-deshidratadas-140g\/#primaryimage","url":"https:\/\/sabugalia.com\/wp-content\/uploads\/2025\/01\/202505_Sabugalia_bolsa_1_web.jpg","contentUrl":"https:\/\/sabugalia.com\/wp-content\/uploads\/2025\/01\/202505_Sabugalia_bolsa_1_web.jpg","width":1500,"height":1500},{"@type":"BreadcrumbList","@id":"https:\/\/sabugalia.com\/gl\/producto\/bagas-de-sabugueiro-bio-deshidratadas-140g\/#breadcrumb","itemListElement":[{"@type":"ListItem","position":1,"name":"Portada","item":"https:\/\/sabugalia.com\/gl\/"},{"@type":"ListItem","position":2,"name":"Tenda","item":"https:\/\/sabugalia.com\/gl\/shop\/"},{"@type":"ListItem","position":3,"name":"Bagas de sabugueiro BIO deshidratadas \u2013 140g"}]},{"@type":"WebSite","@id":"https:\/\/sabugalia.com\/#website","url":"https:\/\/sabugalia.com\/","name":"Sabugalia","description":"","publisher":{"@id":"https:\/\/sabugalia.com\/#organization"},"potentialAction":[{"@type":"SearchAction","target":{"@type":"EntryPoint","urlTemplate":"https:\/\/sabugalia.com\/?s={search_term_string}"},"query-input":{"@type":"PropertyValueSpecification","valueRequired":true,"valueName":"search_term_string"}}],"inLanguage":"gl-ES"},{"@type":"Organization","@id":"https:\/\/sabugalia.com\/#organization","name":"Sabugalia","url":"https:\/\/sabugalia.com\/","logo":{"@type":"ImageObject","inLanguage":"gl-ES","@id":"https:\/\/sabugalia.com\/#\/schema\/logo\/image\/","url":"https:\/\/sabugalia.com\/wp-content\/uploads\/2024\/08\/LOGO-SABUGALIA.png","contentUrl":"https:\/\/sabugalia.com\/wp-content\/uploads\/2024\/08\/LOGO-SABUGALIA.png","width":539,"height":158,"caption":"Sabugalia"},"image":{"@id":"https:\/\/sabugalia.com\/#\/schema\/logo\/image\/"}}]}},"_links":{"self":[{"href":"https:\/\/sabugalia.com\/gl\/wp-json\/wp\/v2\/product\/891","targetHints":{"allow":["GET"]}}],"collection":[{"href":"https:\/\/sabugalia.com\/gl\/wp-json\/wp\/v2\/product"}],"about":[{"href":"https:\/\/sabugalia.com\/gl\/wp-json\/wp\/v2\/types\/product"}],"replies":[{"embeddable":true,"href":"https:\/\/sabugalia.com\/gl\/wp-json\/wp\/v2\/comments?post=891"}],"wp:featuredmedia":[{"embeddable":true,"href":"https:\/\/sabugalia.com\/gl\/wp-json\/wp\/v2\/media\/929"}],"wp:attachment":[{"href":"https:\/\/sabugalia.com\/gl\/wp-json\/wp\/v2\/media?parent=891"}],"wp:term":[{"taxonomy":"product_brand","embeddable":true,"href":"https:\/\/sabugalia.com\/gl\/wp-json\/wp\/v2\/product_brand?post=891"},{"taxonomy":"product_cat","embeddable":true,"href":"https:\/\/sabugalia.com\/gl\/wp-json\/wp\/v2\/product_cat?post=891"},{"taxonomy":"product_tag","embeddable":true,"href":"https:\/\/sabugalia.com\/gl\/wp-json\/wp\/v2\/product_tag?post=891"}],"curies":[{"name":"wp","href":"https:\/\/api.w.org\/{rel}","templated":true}]}}