{"id":889,"date":"2025-01-09T14:36:29","date_gmt":"2025-01-09T13:36:29","guid":{"rendered":"https:\/\/sabugalia.com\/producto\/derma-frut-sambucus-tonico-purificante-de-bagas-de-sabugueiro\/"},"modified":"2025-04-09T11:13:14","modified_gmt":"2025-04-09T09:13:14","slug":"derma-frut-sambucus-tonico-purificante-de-bagas-de-sabugueiro","status":"publish","type":"product","link":"https:\/\/sabugalia.com\/gl\/producto\/derma-frut-sambucus-tonico-purificante-de-bagas-de-sabugueiro\/","title":{"rendered":"DERMA FRUT Sambucus \u2013 T\u00f3nico purificante de bagas de sabugueiro"},"content":{"rendered":"<style>#sp-ea-888 .spcollapsing { height: 0; overflow: hidden; transition-property: height;transition-duration: 300ms;}#sp-ea-888.sp-easy-accordion>.sp-ea-single {margin-bottom: 0px; border: 1px solid #0a0a0a; }#sp-ea-888.sp-easy-accordion>.sp-ea-single>.ea-header a {color: #444;}#sp-ea-888.sp-easy-accordion>.sp-ea-single>.sp-collapse>.ea-body {background: #ffffff; color: #444;}#sp-ea-888.sp-easy-accordion>.sp-ea-single {background: #ffffff;}#sp-ea-888.sp-easy-accordion>.sp-ea-single>.ea-header a .ea-expand-icon { float: left; color: #0a0a0a;font-size: 16px;}<\/style><div id=\"sp_easy_accordion-1725885240\"><div id=\"sp-ea-888\" class=\"sp-ea-one sp-easy-accordion\" data-ea-active=\"ea-click\" data-ea-mode=\"vertical\" data-preloader=\"\" data-scroll-active-item=\"\" data-offset-to-scroll=\"0\"><div class=\"ea-card sp-ea-single\"><h3 class=\"ea-header\"><a class=\"collapsed\" id=\"ea-header-8880\" role=\"button\" data-sptoggle=\"spcollapse\" data-sptarget=\"#collapse8880\" aria-controls=\"collapse8880\" href=\"#\" aria-expanded=\"false\" tabindex=\"0\"><i aria-hidden=\"true\" role=\"presentation\" class=\"ea-expand-icon eap-icon-ea-expand-plus\"><\/i> Descrici\u00f3n<\/a><\/h3><div class=\"sp-collapse spcollapse spcollapse\" id=\"collapse8880\" data-parent=\"#sp-ea-888\" role=\"region\" aria-labelledby=\"ea-header-8880\"> <div class=\"ea-body\"><p>DERMA FRUT Sambucus \u00e9 un t\u00f3nico facial purificante e revitalizante feito con bagas de sabugueiro (Sambucus Nigra Fruit Extract), auga termal de Galicia e augas florais de rosa e azahar. A s\u00faa f\u00f3rmula natural e sen perfume \u00e9 ideal para mellorar o aspecto de peles cansadas, maduras ou con estr\u00e9s oxidativo.<\/p><p>As bagas de sabugueiro son ricas en antioxidantes naturais que protexen fronte ao envellecemento prematuro.<br \/>A auga termal galega equilibra, hidrata e remineraliza.<br \/>Sen perfumes engadidos: s\u00f3 o aroma natural das s\u00faas flores e froitos.<\/p><\/div><\/div><\/div><div class=\"ea-card sp-ea-single\"><h3 class=\"ea-header\"><a class=\"collapsed\" id=\"ea-header-8881\" role=\"button\" data-sptoggle=\"spcollapse\" data-sptarget=\"#collapse8881\" aria-controls=\"collapse8881\" href=\"#\" aria-expanded=\"false\" tabindex=\"0\"><i aria-hidden=\"true\" role=\"presentation\" class=\"ea-expand-icon eap-icon-ea-expand-plus\"><\/i> Recomendado para<\/a><\/h3><div class=\"sp-collapse spcollapse spcollapse\" id=\"collapse8881\" data-parent=\"#sp-ea-888\" role=\"region\" aria-labelledby=\"ea-header-8881\"> <div class=\"ea-body\"><ul><li>Pel madura, apagada ou con sinais de fatiga<\/li><li>Rutinas antioxidantes e tonificantes<\/li><li>Persoas que buscan cosm\u00e9tica natural de Galicia sen perfumes<\/li><li>Packs de agasallo con identidade e natureza galega<\/li><\/ul><\/div><\/div><\/div><div class=\"ea-card sp-ea-single\"><h3 class=\"ea-header\"><a class=\"collapsed\" id=\"ea-header-8882\" role=\"button\" data-sptoggle=\"spcollapse\" data-sptarget=\"#collapse8882\" aria-controls=\"collapse8882\" href=\"#\" aria-expanded=\"false\" tabindex=\"0\"><i aria-hidden=\"true\" role=\"presentation\" class=\"ea-expand-icon eap-icon-ea-expand-plus\"><\/i> Consellos de uso<\/a><\/h3><div class=\"sp-collapse spcollapse spcollapse\" id=\"collapse8882\" data-parent=\"#sp-ea-888\" role=\"region\" aria-labelledby=\"ea-header-8882\"> <div class=\"ea-body\"><p>Axitar antes de usar. Pulverizar sobre o rostro e pescozo ou aplicar cun disco de algod\u00f3n despois da limpeza. \u00dasase pola ma\u00f1\u00e1 e \u00e1 noite para manter a pel tonificada, hidratada e luminosa.<\/p><\/div><\/div><\/div><div class=\"ea-card sp-ea-single\"><h3 class=\"ea-header\"><a class=\"collapsed\" id=\"ea-header-8883\" role=\"button\" data-sptoggle=\"spcollapse\" data-sptarget=\"#collapse8883\" aria-controls=\"collapse8883\" href=\"#\" aria-expanded=\"false\" tabindex=\"0\"><i aria-hidden=\"true\" role=\"presentation\" class=\"ea-expand-icon eap-icon-ea-expand-plus\"><\/i> Beneficios e propiedades<\/a><\/h3><div class=\"sp-collapse spcollapse spcollapse\" id=\"collapse8883\" data-parent=\"#sp-ea-888\" role=\"region\" aria-labelledby=\"ea-header-8883\"> <div class=\"ea-body\"><ul><li>Acci\u00f3n antioxidante intensa<\/li><li>Tonifica e achega frescura<\/li><li>Estimula a luminosidade<\/li><li>Purifica suavemente<\/li><li>Restablece o pH da pel<\/li><li>Ideal para peles sensibles<\/li><li>F\u00f3rmula sen perfume, suave e eficaz<\/li><\/ul><\/div><\/div><\/div><div class=\"ea-card sp-ea-single\"><h3 class=\"ea-header\"><a class=\"collapsed\" id=\"ea-header-8884\" role=\"button\" data-sptoggle=\"spcollapse\" data-sptarget=\"#collapse8884\" aria-controls=\"collapse8884\" href=\"#\" aria-expanded=\"false\" tabindex=\"0\"><i aria-hidden=\"true\" role=\"presentation\" class=\"ea-expand-icon eap-icon-ea-expand-plus\"><\/i> Ingredientes<\/a><\/h3><div class=\"sp-collapse spcollapse spcollapse\" id=\"collapse8884\" data-parent=\"#sp-ea-888\" role=\"region\" aria-labelledby=\"ea-header-8884\"> <div class=\"ea-body\"><p><strong>Auga termal de Galicia<\/strong>, extracto de <strong>froito de sabugueiro<\/strong>, auga de <strong>rosa<\/strong>, auga de <strong>azahar<\/strong>, \u00e1cido c\u00edtrico, alcohol, pentylene glycol, glicina de capriloilo, conservantes suaves.<br \/><strong>INCI completo:<\/strong> AQUA* (*THERMAL WATER), ROSA GALLICA FLOWER EXTRACT, SAMBUCUS NIGRA FRUIT EXTRACT, CITRUS AURANTIUM AMARA FLOWER EXTRACT, CITRIC ACID, PENTYLENE GLYCOL, CAPRYLHYDROXAMIC ACID, ALCOHOL, CAPRILOYL GLYCINE, POTASSIUM SORBATE, DISODIUM EDTA, SODIUM BENZOATE.<\/p><\/div><\/div><\/div><div class=\"ea-card sp-ea-single\"><h3 class=\"ea-header\"><a class=\"collapsed\" id=\"ea-header-8885\" role=\"button\" data-sptoggle=\"spcollapse\" data-sptarget=\"#collapse8885\" aria-controls=\"collapse8885\" href=\"#\" aria-expanded=\"false\" tabindex=\"0\"><i aria-hidden=\"true\" role=\"presentation\" class=\"ea-expand-icon eap-icon-ea-expand-plus\"><\/i> Formato<\/a><\/h3><div class=\"sp-collapse spcollapse spcollapse\" id=\"collapse8885\" data-parent=\"#sp-ea-888\" role=\"region\" aria-labelledby=\"ea-header-8885\"> <div class=\"ea-body\"><p>Envase de vidro de 100 ml con vaporizador.<\/p><\/div><\/div><\/div><\/div><\/div>\n","protected":false},"excerpt":{"rendered":"<p><strong>Cosm\u00e9tica natural sen perfumes engadidos | Vegano | Para pel madura ou apagada<\/strong><\/p>\n","protected":false},"featured_media":933,"comment_status":"closed","ping_status":"closed","template":"","meta":[],"product_brand":[],"product_cat":[30],"product_tag":[],"class_list":{"0":"post-889","1":"product","2":"type-product","3":"status-publish","4":"has-post-thumbnail","6":"product_cat-sin-categorizar-gl","8":"first","9":"instock","10":"taxable","11":"shipping-taxable","12":"purchasable","13":"product-type-simple"},"yoast_head":"<!-- This site is optimized with the Yoast SEO plugin v26.3 - https:\/\/yoast.com\/wordpress\/plugins\/seo\/ -->\n<title>DERMA FRUT Sambucus \u2013 T\u00f3nico purificante de bagas de sabugueiro - Sabugalia<\/title>\n<meta name=\"robots\" content=\"index, follow, max-snippet:-1, max-image-preview:large, max-video-preview:-1\" \/>\n<link rel=\"canonical\" href=\"http:\/\/sabugalia.com\/gl\/producto\/derma-frut-sambucus-tonico-purificante-de-bagas-de-sabugueiro\/\" \/>\n<meta property=\"og:locale\" content=\"gl_ES\" \/>\n<meta property=\"og:type\" content=\"article\" \/>\n<meta property=\"og:title\" content=\"DERMA FRUT Sambucus \u2013 T\u00f3nico purificante de bagas de sabugueiro - Sabugalia\" \/>\n<meta property=\"og:description\" content=\"Cosm\u00e9tica natural sen perfumes engadidos | Vegano | Para pel madura ou apagada\" \/>\n<meta property=\"og:url\" content=\"http:\/\/sabugalia.com\/gl\/producto\/derma-frut-sambucus-tonico-purificante-de-bagas-de-sabugueiro\/\" \/>\n<meta property=\"og:site_name\" content=\"Sabugalia\" \/>\n<meta property=\"article:modified_time\" content=\"2025-04-09T09:13:14+00:00\" \/>\n<meta property=\"og:image\" content=\"http:\/\/sabugalia.com\/wp-content\/uploads\/2025\/01\/202505_Sabugalia_tonico_2_web.jpg\" \/>\n\t<meta property=\"og:image:width\" content=\"1500\" \/>\n\t<meta property=\"og:image:height\" content=\"1500\" \/>\n\t<meta property=\"og:image:type\" content=\"image\/jpeg\" \/>\n<meta name=\"twitter:card\" content=\"summary_large_image\" \/>\n<meta name=\"twitter:label1\" content=\"Tempo de lectura\" \/>\n\t<meta name=\"twitter:data1\" content=\"1 minuto\" \/>\n<script type=\"application\/ld+json\" class=\"yoast-schema-graph\">{\"@context\":\"https:\/\/schema.org\",\"@graph\":[{\"@type\":\"WebPage\",\"@id\":\"http:\/\/sabugalia.com\/gl\/producto\/derma-frut-sambucus-tonico-purificante-de-bagas-de-sabugueiro\/\",\"url\":\"http:\/\/sabugalia.com\/gl\/producto\/derma-frut-sambucus-tonico-purificante-de-bagas-de-sabugueiro\/\",\"name\":\"DERMA FRUT Sambucus \u2013 T\u00f3nico purificante de bagas de sabugueiro - Sabugalia\",\"isPartOf\":{\"@id\":\"https:\/\/sabugalia.com\/#website\"},\"primaryImageOfPage\":{\"@id\":\"http:\/\/sabugalia.com\/gl\/producto\/derma-frut-sambucus-tonico-purificante-de-bagas-de-sabugueiro\/#primaryimage\"},\"image\":{\"@id\":\"http:\/\/sabugalia.com\/gl\/producto\/derma-frut-sambucus-tonico-purificante-de-bagas-de-sabugueiro\/#primaryimage\"},\"thumbnailUrl\":\"https:\/\/sabugalia.com\/wp-content\/uploads\/2025\/01\/202505_Sabugalia_tonico_2_web.jpg\",\"datePublished\":\"2025-01-09T13:36:29+00:00\",\"dateModified\":\"2025-04-09T09:13:14+00:00\",\"breadcrumb\":{\"@id\":\"http:\/\/sabugalia.com\/gl\/producto\/derma-frut-sambucus-tonico-purificante-de-bagas-de-sabugueiro\/#breadcrumb\"},\"inLanguage\":\"gl-ES\",\"potentialAction\":[{\"@type\":\"ReadAction\",\"target\":[\"http:\/\/sabugalia.com\/gl\/producto\/derma-frut-sambucus-tonico-purificante-de-bagas-de-sabugueiro\/\"]}]},{\"@type\":\"ImageObject\",\"inLanguage\":\"gl-ES\",\"@id\":\"http:\/\/sabugalia.com\/gl\/producto\/derma-frut-sambucus-tonico-purificante-de-bagas-de-sabugueiro\/#primaryimage\",\"url\":\"https:\/\/sabugalia.com\/wp-content\/uploads\/2025\/01\/202505_Sabugalia_tonico_2_web.jpg\",\"contentUrl\":\"https:\/\/sabugalia.com\/wp-content\/uploads\/2025\/01\/202505_Sabugalia_tonico_2_web.jpg\",\"width\":1500,\"height\":1500},{\"@type\":\"BreadcrumbList\",\"@id\":\"http:\/\/sabugalia.com\/gl\/producto\/derma-frut-sambucus-tonico-purificante-de-bagas-de-sabugueiro\/#breadcrumb\",\"itemListElement\":[{\"@type\":\"ListItem\",\"position\":1,\"name\":\"Portada\",\"item\":\"https:\/\/sabugalia.com\/gl\/\"},{\"@type\":\"ListItem\",\"position\":2,\"name\":\"Tenda\",\"item\":\"https:\/\/sabugalia.com\/gl\/shop\/\"},{\"@type\":\"ListItem\",\"position\":3,\"name\":\"DERMA FRUT Sambucus \u2013 T\u00f3nico purificante de bagas de sabugueiro\"}]},{\"@type\":\"WebSite\",\"@id\":\"https:\/\/sabugalia.com\/#website\",\"url\":\"https:\/\/sabugalia.com\/\",\"name\":\"Sabugalia\",\"description\":\"\",\"publisher\":{\"@id\":\"https:\/\/sabugalia.com\/#organization\"},\"potentialAction\":[{\"@type\":\"SearchAction\",\"target\":{\"@type\":\"EntryPoint\",\"urlTemplate\":\"https:\/\/sabugalia.com\/?s={search_term_string}\"},\"query-input\":{\"@type\":\"PropertyValueSpecification\",\"valueRequired\":true,\"valueName\":\"search_term_string\"}}],\"inLanguage\":\"gl-ES\"},{\"@type\":\"Organization\",\"@id\":\"https:\/\/sabugalia.com\/#organization\",\"name\":\"Sabugalia\",\"url\":\"https:\/\/sabugalia.com\/\",\"logo\":{\"@type\":\"ImageObject\",\"inLanguage\":\"gl-ES\",\"@id\":\"https:\/\/sabugalia.com\/#\/schema\/logo\/image\/\",\"url\":\"https:\/\/sabugalia.com\/wp-content\/uploads\/2024\/08\/LOGO-SABUGALIA.png\",\"contentUrl\":\"https:\/\/sabugalia.com\/wp-content\/uploads\/2024\/08\/LOGO-SABUGALIA.png\",\"width\":539,\"height\":158,\"caption\":\"Sabugalia\"},\"image\":{\"@id\":\"https:\/\/sabugalia.com\/#\/schema\/logo\/image\/\"}}]}<\/script>\n<!-- \/ Yoast SEO plugin. -->","yoast_head_json":{"title":"DERMA FRUT Sambucus \u2013 T\u00f3nico purificante de bagas de sabugueiro - Sabugalia","robots":{"index":"index","follow":"follow","max-snippet":"max-snippet:-1","max-image-preview":"max-image-preview:large","max-video-preview":"max-video-preview:-1"},"canonical":"http:\/\/sabugalia.com\/gl\/producto\/derma-frut-sambucus-tonico-purificante-de-bagas-de-sabugueiro\/","og_locale":"gl_ES","og_type":"article","og_title":"DERMA FRUT Sambucus \u2013 T\u00f3nico purificante de bagas de sabugueiro - Sabugalia","og_description":"Cosm\u00e9tica natural sen perfumes engadidos | Vegano | Para pel madura ou apagada","og_url":"http:\/\/sabugalia.com\/gl\/producto\/derma-frut-sambucus-tonico-purificante-de-bagas-de-sabugueiro\/","og_site_name":"Sabugalia","article_modified_time":"2025-04-09T09:13:14+00:00","og_image":[{"width":1500,"height":1500,"url":"http:\/\/sabugalia.com\/wp-content\/uploads\/2025\/01\/202505_Sabugalia_tonico_2_web.jpg","type":"image\/jpeg"}],"twitter_card":"summary_large_image","twitter_misc":{"Tempo de lectura":"1 minuto"},"schema":{"@context":"https:\/\/schema.org","@graph":[{"@type":"WebPage","@id":"http:\/\/sabugalia.com\/gl\/producto\/derma-frut-sambucus-tonico-purificante-de-bagas-de-sabugueiro\/","url":"http:\/\/sabugalia.com\/gl\/producto\/derma-frut-sambucus-tonico-purificante-de-bagas-de-sabugueiro\/","name":"DERMA FRUT Sambucus \u2013 T\u00f3nico purificante de bagas de sabugueiro - Sabugalia","isPartOf":{"@id":"https:\/\/sabugalia.com\/#website"},"primaryImageOfPage":{"@id":"http:\/\/sabugalia.com\/gl\/producto\/derma-frut-sambucus-tonico-purificante-de-bagas-de-sabugueiro\/#primaryimage"},"image":{"@id":"http:\/\/sabugalia.com\/gl\/producto\/derma-frut-sambucus-tonico-purificante-de-bagas-de-sabugueiro\/#primaryimage"},"thumbnailUrl":"https:\/\/sabugalia.com\/wp-content\/uploads\/2025\/01\/202505_Sabugalia_tonico_2_web.jpg","datePublished":"2025-01-09T13:36:29+00:00","dateModified":"2025-04-09T09:13:14+00:00","breadcrumb":{"@id":"http:\/\/sabugalia.com\/gl\/producto\/derma-frut-sambucus-tonico-purificante-de-bagas-de-sabugueiro\/#breadcrumb"},"inLanguage":"gl-ES","potentialAction":[{"@type":"ReadAction","target":["http:\/\/sabugalia.com\/gl\/producto\/derma-frut-sambucus-tonico-purificante-de-bagas-de-sabugueiro\/"]}]},{"@type":"ImageObject","inLanguage":"gl-ES","@id":"http:\/\/sabugalia.com\/gl\/producto\/derma-frut-sambucus-tonico-purificante-de-bagas-de-sabugueiro\/#primaryimage","url":"https:\/\/sabugalia.com\/wp-content\/uploads\/2025\/01\/202505_Sabugalia_tonico_2_web.jpg","contentUrl":"https:\/\/sabugalia.com\/wp-content\/uploads\/2025\/01\/202505_Sabugalia_tonico_2_web.jpg","width":1500,"height":1500},{"@type":"BreadcrumbList","@id":"http:\/\/sabugalia.com\/gl\/producto\/derma-frut-sambucus-tonico-purificante-de-bagas-de-sabugueiro\/#breadcrumb","itemListElement":[{"@type":"ListItem","position":1,"name":"Portada","item":"https:\/\/sabugalia.com\/gl\/"},{"@type":"ListItem","position":2,"name":"Tenda","item":"https:\/\/sabugalia.com\/gl\/shop\/"},{"@type":"ListItem","position":3,"name":"DERMA FRUT Sambucus \u2013 T\u00f3nico purificante de bagas de sabugueiro"}]},{"@type":"WebSite","@id":"https:\/\/sabugalia.com\/#website","url":"https:\/\/sabugalia.com\/","name":"Sabugalia","description":"","publisher":{"@id":"https:\/\/sabugalia.com\/#organization"},"potentialAction":[{"@type":"SearchAction","target":{"@type":"EntryPoint","urlTemplate":"https:\/\/sabugalia.com\/?s={search_term_string}"},"query-input":{"@type":"PropertyValueSpecification","valueRequired":true,"valueName":"search_term_string"}}],"inLanguage":"gl-ES"},{"@type":"Organization","@id":"https:\/\/sabugalia.com\/#organization","name":"Sabugalia","url":"https:\/\/sabugalia.com\/","logo":{"@type":"ImageObject","inLanguage":"gl-ES","@id":"https:\/\/sabugalia.com\/#\/schema\/logo\/image\/","url":"https:\/\/sabugalia.com\/wp-content\/uploads\/2024\/08\/LOGO-SABUGALIA.png","contentUrl":"https:\/\/sabugalia.com\/wp-content\/uploads\/2024\/08\/LOGO-SABUGALIA.png","width":539,"height":158,"caption":"Sabugalia"},"image":{"@id":"https:\/\/sabugalia.com\/#\/schema\/logo\/image\/"}}]}},"_links":{"self":[{"href":"https:\/\/sabugalia.com\/gl\/wp-json\/wp\/v2\/product\/889","targetHints":{"allow":["GET"]}}],"collection":[{"href":"https:\/\/sabugalia.com\/gl\/wp-json\/wp\/v2\/product"}],"about":[{"href":"https:\/\/sabugalia.com\/gl\/wp-json\/wp\/v2\/types\/product"}],"replies":[{"embeddable":true,"href":"https:\/\/sabugalia.com\/gl\/wp-json\/wp\/v2\/comments?post=889"}],"wp:featuredmedia":[{"embeddable":true,"href":"https:\/\/sabugalia.com\/gl\/wp-json\/wp\/v2\/media\/933"}],"wp:attachment":[{"href":"https:\/\/sabugalia.com\/gl\/wp-json\/wp\/v2\/media?parent=889"}],"wp:term":[{"taxonomy":"product_brand","embeddable":true,"href":"https:\/\/sabugalia.com\/gl\/wp-json\/wp\/v2\/product_brand?post=889"},{"taxonomy":"product_cat","embeddable":true,"href":"https:\/\/sabugalia.com\/gl\/wp-json\/wp\/v2\/product_cat?post=889"},{"taxonomy":"product_tag","embeddable":true,"href":"https:\/\/sabugalia.com\/gl\/wp-json\/wp\/v2\/product_tag?post=889"}],"curies":[{"name":"wp","href":"https:\/\/api.w.org\/{rel}","templated":true}]}}