{"id":723,"date":"2024-09-04T12:22:21","date_gmt":"2024-09-04T10:22:21","guid":{"rendered":"https:\/\/sabugalia.com\/politica-de-privacidade\/"},"modified":"2025-01-14T12:07:18","modified_gmt":"2025-01-14T11:07:18","slug":"politica-de-privacidade","status":"publish","type":"page","link":"https:\/\/sabugalia.com\/gl\/politica-de-privacidade\/","title":{"rendered":"Pol\u00edtica de privacidade"},"content":{"rendered":"\t\t<div data-elementor-type=\"wp-page\" data-elementor-id=\"723\" class=\"elementor elementor-723 elementor-415\" data-elementor-post-type=\"page\">\n\t\t\t\t\t\t<section class=\"elementor-section elementor-top-section elementor-element elementor-element-96de225 elementor-section-full_width elementor-section-height-default elementor-section-height-default\" data-id=\"96de225\" data-element_type=\"section\" data-settings=\"{&quot;background_background&quot;:&quot;classic&quot;}\">\n\t\t\t\t\t\t<div class=\"elementor-container elementor-column-gap-default\">\n\t\t\t\t\t<div class=\"elementor-column elementor-col-100 elementor-top-column elementor-element elementor-element-b48c15b\" data-id=\"b48c15b\" data-element_type=\"column\">\n\t\t\t<div class=\"elementor-widget-wrap elementor-element-populated\">\n\t\t\t\t\t\t<div class=\"elementor-element elementor-element-3b62263 elementor-widget elementor-widget-heading\" data-id=\"3b62263\" data-element_type=\"widget\" data-widget_type=\"heading.default\">\n\t\t\t\t<div class=\"elementor-widget-container\">\n\t\t\t\t\t<h1 class=\"elementor-heading-title elementor-size-default\">Pol\u00edtica de privacidade <\/h1>\t\t\t\t<\/div>\n\t\t\t\t<\/div>\n\t\t\t\t<div class=\"elementor-element elementor-element-0c67bd4 elementor-widget elementor-widget-text-editor\" data-id=\"0c67bd4\" data-element_type=\"widget\" data-widget_type=\"text-editor.default\">\n\t\t\t\t<div class=\"elementor-widget-container\">\n\t\t\t\t\t\t\t\t\t<p><strong>Pol\u00edtica de Privacidade<\/strong><\/p>\n<p>VEIGAS DE SABUGUEIRO, S.L. inf\u00f3rmache sobre a s\u00faa Pol\u00edtica de Privacidade respecto ao tratamento e protecci\u00f3n dos datos de car\u00e1cter persoal dos usuarios que poidan ser recollidos durante a navegaci\u00f3n a trav\u00e9s do sitio web <a href=\"https:\/\/carabunhas.com\/\">carabunhas.com<\/a>.<\/p>\n<p>Neste sentido, garante o cumprimento da normativa vixente en materia de protecci\u00f3n de datos persoais, reflectida na Lei Org\u00e1nica 3\/2018, do 5 de decembro, de Protecci\u00f3n de Datos Persoais e de Garant\u00eda de Dereitos Dixitais (LOPD GDD). Cumpre tam\u00e9n co Regulamento (UE) 2016\/679 do Parlamento Europeo e do Consello de 27 de abril de 2016 relativo \u00e1 protecci\u00f3n das persoas f\u00edsicas (RGPD). <\/p>\n<p>O uso do sitio web implica a aceptaci\u00f3n desta Pol\u00edtica de Privacidade as\u00ed como as condici\u00f3ns inclu\u00eddas no Aviso Legal.<\/p>\n<p>Identidad del responsable<br \/>Titular: VEIGAS DE SABUGUEIRO, S.L.<br \/>CIF: B32332827<br \/>Domicilio: Lugar de Sagu\u00f1edo, s\/n,32650, en Vilar de Santos, Ourense.<br \/>Sitio Web: <a href=\"https:\/\/carabunhas.com\/\">carabunhas.com<\/a><\/p>\n<\/p>\n<p><strong>Princ\u00edpios aplicados no tratamento de datos<\/strong><\/p>\n<p>No tratamento dos teus datos persoais, o Titular aplicar\u00e1 os seguintes principios que se axustan \u00e1s esixencias do novo regulamento europeo de protecci\u00f3n de datos (RGPD):<\/p>\n<p>Princ\u00edpio de licitude, lealdade e transparencia: O Titular sempre requirir\u00e1 o consentimento para o tratamento dos datos persoais, que pode ser para un ou varios fins espec\u00edficos sobre os que o Titular informar\u00e1 ao Usuario previamente con absoluta transparencia.<\/p>\n<p>Princ\u00edpio de minimizaci\u00f3n de datos: O Titular solicitar\u00e1 s\u00f3 os datos estrictamente necesarios para o fin ou os fins para os que os solicita.<\/p>\n<p>Princ\u00edpio de limitaci\u00f3n do prazo de conservaci\u00f3n: O Titular manter\u00e1 os datos persoais recollidos durante o tempo estritamente necesario para o fin ou os fins do tratamento. O Titular informar\u00e1 ao Usuario do prazo de conservaci\u00f3n correspondente segundo a finalidade. No caso de subscrici\u00f3ns, o Titular revisar\u00e1 periodicamente as listas e eliminar\u00e1 aqueles rexistros inactivos durante un tempo considerable.  <\/p>\n<p>Princ\u00edpio de integridade e confidencialidade: Os datos persoais recollidos ser\u00e1n tratados de tal maneira que a s\u00faa seguridade, confidencialidade e integridade estean garantidas. O Titular toma as precauci\u00f3ns necesarias para evitar o acceso non autorizado ou o uso indebido dos datos dos seus usuarios por parte de terceiros. <\/p>\n<\/p>\n<p><strong>Obtenci\u00f3n de datos persoais<\/strong><\/p>\n<p>Para navegar por <a href=\"https:\/\/carabunhas.com\/\">carabunhas.com<\/a> non \u00e9 necesario que facilites ningunha dato persoal. Os casos nos que si proporcionas os teus datos persoais son os seguintes: <\/p>\n<ul>\n<li>Ao realizar un comentario nun artigo ou nunha p\u00e1xina.<\/li>\n<li>Ao rexistrarte na web.<\/li>\n<li>Ao facer algunha compra ou pedido.<\/li>\n<li>Ao anotarte no bolet\u00edn de novas.<\/li>\n<\/ul>\n<p><strong>Dereitos<\/strong><\/p>\n<p>O Titular inf\u00f3rmache de que sobre os teus datos persoais tes dereito a:<\/p>\n<ul>\n<li>Solicitar o acceso aos datos almacenados.<\/li>\n<li>Solicitar unha rectificaci\u00f3n ou a cancelaci\u00f3n.<\/li>\n<li>Solicitar a rectificaci\u00f3n ou a cancelaci\u00f3n.<\/li>\n<li>Opo\u00f1erte ao tratamento.<\/li>\n<\/ul>\n<p>Non podes exercer o dereito \u00e1 portabilidade dos datos.<\/p>\n<p>O exercicio destes dereitos \u00e9 persoal e polo tanto debe ser exercido directamente polo interesado, solicit\u00e1ndoo directamente ao Titular, o que significa que calquera cliente, suscriptor ou colaborador que facilitase os seus datos en alg\u00fan momento, pode dirixirse a e pedir informaci\u00f3n sobre os datos que ten almacenados e como os obteu, solicitar a rectificaci\u00f3n dos mesmos, opo\u00f1erse ao tratamento, limitar o seu uso ou solicitar a cancelaci\u00f3n deses datos nos ficheiros do Titular.<\/p>\n<p>Para exercer os teus dereitos de acceso, rectificaci\u00f3n, cancelaci\u00f3n e oposici\u00f3n debes enviar un correo electr\u00f3nico a info@carabunhas.com xunto coa proba v\u00e1lida en dereito, como unha fotocopia do D.N.I. ou equivalente.<\/p>\n<p>Tes dereito \u00e1 tutela xudicial efectiva e a presentar unha reclamaci\u00f3n ante a autoridade de control, neste caso, a Axencia Espa\u00f1ola de Protecci\u00f3n de Datos, se consideras que o tratamento de datos persoais que che concirnen infrinxen o Regulamento.<\/p>\n<\/p>\n<p><strong>Finalidade do tratamento de datos persoais<\/strong><\/p>\n<p>Cando te conectas ao sitio web para mandar un correo ao Titular, escribes un comentario nun artigo ou unha p\u00e1xina, fas unha compra ou te subscribes ao seu bolet\u00edn, est\u00e1s facilitando informaci\u00f3n de car\u00e1cter persoal da que o responsable \u00e9 VEIGAS DE SABUGUEIRO, S.L.. Esta informaci\u00f3n pode incluir datos de car\u00e1cter persoal como poden ser a t\u00faa direcci\u00f3n IP, nome e apelidos, direcci\u00f3n f\u00edsica, direcci\u00f3n de correo electr\u00f3nico, n\u00famero de tel\u00e9fono e outra informaci\u00f3n. Ao facilitar esta informaci\u00f3n, das o teu consentimento para que a t\u00faa informaci\u00f3n sexa recollida, utilizada, xestionada e almacenada por VEIGAS DE SABUGUEIRO, S.L. s\u00f3 como se describe no Aviso Legal e na presente Pol\u00edtica de Privacidade.  <\/p>\n<p>Existen outras finalidades polas que o Titular trata datos persoais:<\/p>\n<p>Para garantir o cumprimento das condici\u00f3ns recollidas no Aviso Legal e na lexislaci\u00f3n aplicable. Isto pode inclu\u00edr o desenvolvemento de ferramentas e algoritmos que axuden a este sitio web a garantir a confidencialidade dos datos persoais que recolle. <\/p>\n<p> Para apoiar e mellorar os servizos que ofrece este sitio web.<\/p>\n<p> Para analizar a navegaci\u00f3n dos usuarios. O Titular recolle outros datos non identificativos que se obte\u00f1en mediante o uso de cookies que se descargan no ordenador do Usuario cando navega polo sitio web, cuxas caracter\u00edsticas e finalidade est\u00e1n detalladas na Pol\u00edtica de Cookies. <\/p>\n<p>Para xestionar as redes sociais. Ten presenza en redes sociais. Se te fixes seguidor nas redes sociais do Titular, o tratamento dos datos persoais rexerase por este apartado, as\u00ed como polas condici\u00f3ns de uso, pol\u00edticas de privacidade e normativas de acceso que pertenzan \u00e1 rede social que proceda en cada caso e que aceptaches previamente.  <\/p>\n<p>O Titular tratar\u00e1 os teus datos persoais coa finalidade de administrar correctamente a s\u00faa presenza na rede social, informarte das s\u00faas actividades, as\u00ed como para calquera outra finalidade que as normativas das redes sociais permitan.<\/p>\n<p>En ning\u00fan caso o Titular utilizar\u00e1 os perf\u00eds de seguidores nas redes sociais para enviar publicidade de maneira individual.<\/p>\n<\/p>\n<p><strong>Seguridade dos datos persoais<\/strong><\/p>\n<p>Para protexer os teus datos persoais, o Titular toma todas as precauci\u00f3ns razoables e segue as mellores pr\u00e1cticas da industria para evitar a s\u00faa perda, mal uso, acceso indebido, divulgaci\u00f3n, alteraci\u00f3n ou destrucci\u00f3n dos mesmos.<\/p>\n<p>Os teus datos poder\u00e1n ser incorporados a un ficheiro de lista de correo, do cal \u00e9 responsable da s\u00faa xesti\u00f3n e tratamento. A seguridade dos teus datos est\u00e1 garantida, xa que toma todas as medidas de seguridade necesarias e gar\u00e1ntelle que os datos persoais s\u00f3 se utilizar\u00e1n para as finalidades indicadas. <\/p>\n<p>VEIGAS DE SABUGUEIRO, S.L. informa ao Usuario de que os seus datos persoais non ser\u00e1n cedidos a terceiras organizaci\u00f3ns, coa salvedade de que dita cesi\u00f3n de datos estea amparada por unha obriga legal ou cando a prestaci\u00f3n dun servizo implique a necesidade dunha relaci\u00f3n contractual cun encargado do tratamento. Neste \u00faltimo caso, s\u00f3 se levar\u00e1 a cabo a cesi\u00f3n de datos ao terceiro cando dispo\u00f1a do consentimento expreso do Usuario. <\/p>\n<p>VEIGAS DE SABUGUEIRO, S.L. informa ao Usuario de que os seus datos persoais non ser\u00e1n cedidos a terceiras organizaci\u00f3ns, coa salvedade de que dita cesi\u00f3n de datos estea amparada por unha obriga legal ou cando a prestaci\u00f3n dun servizo implique a necesidade dunha relaci\u00f3n contractual cun encargado do tratamento. Neste \u00faltimo caso, s\u00f3 se levar\u00e1 a cabo a cesi\u00f3n de datos ao terceiro cando dispo\u00f1a do consentimento expreso do Usuario. <\/p>\n<\/p>\n<p><strong>Contido doutros sitios web<\/strong><\/p>\n<p>As p\u00e1xinas deste sitio web poden inclu\u00edr contido incrustado (por exemplo, v\u00eddeos, imaxes, artigos, etc.). O contido incrustado doutros sitios web comp\u00f3rtase exactamente da mesma maneira que se visitaras a outra web. <\/p>\n<p>Estes sitios web poden recoller datos sobre ti, utilizar cookies, incrustar un c\u00f3digo de seguimento adicional de terceiros e supervisar a t\u00faa interacci\u00f3n utilizando este c\u00f3digo.<\/p>\n<\/p>\n<p><strong>Pol\u00edtica de Cookies<\/strong><\/p>\n<p>Para que este sitio web funcione correctamente necesita utilizar cookies, que son informaci\u00f3n que se almacena no teu navegador web.<\/p>\n<p>Na p\u00e1xina Pol\u00edtica de Cookies podes consultar toda a informaci\u00f3n relativa \u00e1 pol\u00edtica de recollida, a finalidade e o tratamento das cookies.<\/p>\n<\/p>\n<p><strong>Lexitimaci\u00f3n para o tratamento de datos<\/strong><\/p>\n<p>A base legal para o tratamento dos teus datos \u00e9: o consentimento.<\/p>\n<p>Para contactar co Titular, subscribirte a un bolet\u00edn ou realizar comentarios neste sitio web, debes aceptar a presente Pol\u00edtica de Privacidade.<\/p>\n<\/p>\n<p><strong>Categor\u00edas de datos persoais<\/strong><\/p>\n<p>As categor\u00edas de datos persoais que trata o Titular son:<\/p>\n<p> Datos identificativos.<\/p>\n<p> Non se tratan categor\u00edas de datos especialmente protexidos.<\/p>\n<\/p>\n<p><strong>Conservaci\u00f3n de datos persoais<\/strong><\/p>\n<p>Os datos persoais que proporciones ao Titular conservaranse ata que solicites a s\u00faa supresi\u00f3n.<\/p>\n<\/p>\n<p><strong>Destinatarios de datos persoais<\/strong><\/p>\n<p> Google Analytics \u00e9 un servizo de anal\u00edtica web prestado por Google, Inc., unha compa\u00f1\u00eda de Delaware cuxa oficina principal est\u00e1 en 1600 Amphitheatre Parkway, Mountain View (California), CA 94043, Estados Unidos (\u201cGoogle\u201d).<\/p>\n<p> Google Analytics utiliza &#8220;cookies&#8221;, que son ficheiros de texto situados no teu ordenador, para axudar ao Titular a analizar o uso que fan os Usuarios do sitio web. A informaci\u00f3n que xera a cookie sobre o uso do sitio web (inclu\u00edndo a direcci\u00f3n IP) ser\u00e1 directamente transmitida e arquivada por Google nos servidores de Estados Unidos. <\/p>\n<p>M\u00e1is informaci\u00f3n en: https:\/\/analytics.google.com<\/p>\n<p>Na p\u00e1xina de Pol\u00edtica de privacidade de Google expl\u00edcase como Google xestiona a privacidade en relaci\u00f3n co uso das cookies e outra informaci\u00f3n. Tam\u00e9n podes ver unha lista dos tipos de cookies que utiliza Google e os seus colaboradores e toda a informaci\u00f3n relativa ao uso que fan das cookies publicitarias. <\/p>\n<\/p>\n<p><strong>Navegaci\u00f3n Web<\/strong><\/p>\n<p>Ao navegar por <a href=\"https:\/\/carabunhas.com\/\">carabunhas.com<\/a> p\u00f3dense recoller datos non identificativos, que poden inclu\u00edr a direcci\u00f3n IP, geolocalizaci\u00f3n, un rexistro de como se utilizan os servizos e sitios, h\u00e1bitos de navegaci\u00f3n e outros datos que non poden ser utilizados para identificarte.<\/p>\n<p>O sitio web utiliza os seguintes servizos de an\u00e1lise de terceiros:<\/p>\n<p> Google Analytics.<\/p>\n<p>O Titular utiliza a informaci\u00f3n obtida para obter datos estat\u00edsticos, analizar tendencias, administrar o sitio, estudar patr\u00f3ns de navegaci\u00f3n e para recoller informaci\u00f3n demogr\u00e1fica.<\/p>\n<p>O Titular non se fai responsable do tratamento dos datos persoais que realicen as p\u00e1xinas web \u00e1s que poidas acceder a trav\u00e9s dos distintos enlaces que cont\u00e9n o sitio web.<\/p>\n<\/p>\n<p><strong>Exactitude e veracidade dos datos persoais<\/strong><\/p>\n<p>Comprom\u00e9teste a que os datos facilitados ao Titular sexan correctos, completos, exactos e vixentes, as\u00ed como a mantelos debidamente actualizados.<\/p>\n<p>Como Usuario do sitio web, es o \u00fanico responsable da veracidade e correcci\u00f3n dos datos remitidos ao sitio web, exonerando a de calquera responsabilidade ao respecto.<\/p>\n<\/p>\n<p><strong>Aceptaci\u00f3n e consentimento<\/strong><\/p>\n<p>Como Usuario do sitio web declaras ter sido informado das condici\u00f3ns sobre protecci\u00f3n de datos de car\u00e1cter persoal, aceptas e consintes o tratamento dos mesmos por parte de na forma e para as finalidades indicadas nesta Pol\u00edtica de Privacidade.<\/p>\n<\/p>\n<p><strong>Revogabilidade<\/strong><\/p>\n<p>Para exercer os teus dereitos de acceso, rectificaci\u00f3n, cancelaci\u00f3n e oposici\u00f3n debes enviar un correo electr\u00f3nico a info@carabunhas.com, xunto coa proba v\u00e1lida en dereito como unha fotocopia do D.N.I. ou equivalente.<\/p>\n<p>O exercicio destes dereitos non incl\u00fae ning\u00fan dato que estea obrigado a conservar con fins administrativos, legais ou de seguridade.<\/p>\n<\/p>\n<p><strong>Cambios na Pol\u00edtica de Privacidade<\/strong><\/p>\n<p>O Titular res\u00e9rvase o dereito a modificar a presente Pol\u00edtica de Privacidade para adaptala a novidades lexislativas ou xurisprudenciais, as\u00ed como a pr\u00e1cticas da industria. Estas pol\u00edticas estar\u00e1n vixentes ata que sexan modificadas por outras debidamente publicadas. <\/p>\n\t\t\t\t\t\t\t\t<\/div>\n\t\t\t\t<\/div>\n\t\t\t\t\t<\/div>\n\t\t<\/div>\n\t\t\t\t\t<\/div>\n\t\t<\/section>\n\t\t\t\t<\/div>\n\t\t","protected":false},"excerpt":{"rendered":"<p>Pol\u00edtica de privacidade Pol\u00edtica de Privacidade VEIGAS DE SABUGUEIRO, S.L. inf\u00f3rmache sobre a s\u00faa Pol\u00edtica de Privacidade respecto ao tratamento e protecci\u00f3n dos datos de car\u00e1cter persoal dos usuarios que poidan ser recollidos durante a navegaci\u00f3n a trav\u00e9s do sitio web carabunhas.com. Neste sentido, garante o cumprimento da normativa vixente en materia de protecci\u00f3n de [&hellip;]<\/p>\n","protected":false},"author":1,"featured_media":0,"parent":0,"menu_order":0,"comment_status":"closed","ping_status":"closed","template":"elementor_header_footer","meta":{"footnotes":""},"class_list":["post-723","page","type-page","status-publish","hentry"],"yoast_head":"<!-- This site is optimized with the Yoast SEO plugin v26.3 - https:\/\/yoast.com\/wordpress\/plugins\/seo\/ -->\n<title>Pol\u00edtica de privacidade - Sabugalia<\/title>\n<meta name=\"robots\" content=\"index, follow, max-snippet:-1, max-image-preview:large, max-video-preview:-1\" \/>\n<link rel=\"canonical\" href=\"http:\/\/sabugalia.com\/gl\/politica-de-privacidade\/\" \/>\n<meta property=\"og:locale\" content=\"gl_ES\" \/>\n<meta property=\"og:type\" content=\"article\" \/>\n<meta property=\"og:title\" content=\"Pol\u00edtica de privacidade - Sabugalia\" \/>\n<meta property=\"og:description\" content=\"Pol\u00edtica de privacidade Pol\u00edtica de Privacidade VEIGAS DE SABUGUEIRO, S.L. inf\u00f3rmache sobre a s\u00faa Pol\u00edtica de Privacidade respecto ao tratamento e protecci\u00f3n dos datos de car\u00e1cter persoal dos usuarios que poidan ser recollidos durante a navegaci\u00f3n a trav\u00e9s do sitio web carabunhas.com. Neste sentido, garante o cumprimento da normativa vixente en materia de protecci\u00f3n de [&hellip;]\" \/>\n<meta property=\"og:url\" content=\"http:\/\/sabugalia.com\/gl\/politica-de-privacidade\/\" \/>\n<meta property=\"og:site_name\" content=\"Sabugalia\" \/>\n<meta property=\"article:modified_time\" content=\"2025-01-14T11:07:18+00:00\" \/>\n<meta name=\"twitter:card\" content=\"summary_large_image\" \/>\n<meta name=\"twitter:label1\" content=\"Tempo de lectura\" \/>\n\t<meta name=\"twitter:data1\" content=\"10 minutos\" \/>\n<script type=\"application\/ld+json\" class=\"yoast-schema-graph\">{\"@context\":\"https:\/\/schema.org\",\"@graph\":[{\"@type\":\"WebPage\",\"@id\":\"http:\/\/sabugalia.com\/gl\/politica-de-privacidade\/\",\"url\":\"http:\/\/sabugalia.com\/gl\/politica-de-privacidade\/\",\"name\":\"Pol\u00edtica de privacidade - Sabugalia\",\"isPartOf\":{\"@id\":\"https:\/\/sabugalia.com\/#website\"},\"datePublished\":\"2024-09-04T10:22:21+00:00\",\"dateModified\":\"2025-01-14T11:07:18+00:00\",\"breadcrumb\":{\"@id\":\"http:\/\/sabugalia.com\/gl\/politica-de-privacidade\/#breadcrumb\"},\"inLanguage\":\"gl-ES\",\"potentialAction\":[{\"@type\":\"ReadAction\",\"target\":[\"http:\/\/sabugalia.com\/gl\/politica-de-privacidade\/\"]}]},{\"@type\":\"BreadcrumbList\",\"@id\":\"http:\/\/sabugalia.com\/gl\/politica-de-privacidade\/#breadcrumb\",\"itemListElement\":[{\"@type\":\"ListItem\",\"position\":1,\"name\":\"Portada\",\"item\":\"https:\/\/sabugalia.com\/gl\/\"},{\"@type\":\"ListItem\",\"position\":2,\"name\":\"Pol\u00edtica de privacidade\"}]},{\"@type\":\"WebSite\",\"@id\":\"https:\/\/sabugalia.com\/#website\",\"url\":\"https:\/\/sabugalia.com\/\",\"name\":\"Sabugalia\",\"description\":\"\",\"publisher\":{\"@id\":\"https:\/\/sabugalia.com\/#organization\"},\"potentialAction\":[{\"@type\":\"SearchAction\",\"target\":{\"@type\":\"EntryPoint\",\"urlTemplate\":\"https:\/\/sabugalia.com\/?s={search_term_string}\"},\"query-input\":{\"@type\":\"PropertyValueSpecification\",\"valueRequired\":true,\"valueName\":\"search_term_string\"}}],\"inLanguage\":\"gl-ES\"},{\"@type\":\"Organization\",\"@id\":\"https:\/\/sabugalia.com\/#organization\",\"name\":\"Sabugalia\",\"url\":\"https:\/\/sabugalia.com\/\",\"logo\":{\"@type\":\"ImageObject\",\"inLanguage\":\"gl-ES\",\"@id\":\"https:\/\/sabugalia.com\/#\/schema\/logo\/image\/\",\"url\":\"https:\/\/sabugalia.com\/wp-content\/uploads\/2024\/08\/LOGO-SABUGALIA.png\",\"contentUrl\":\"https:\/\/sabugalia.com\/wp-content\/uploads\/2024\/08\/LOGO-SABUGALIA.png\",\"width\":539,\"height\":158,\"caption\":\"Sabugalia\"},\"image\":{\"@id\":\"https:\/\/sabugalia.com\/#\/schema\/logo\/image\/\"}}]}<\/script>\n<!-- \/ Yoast SEO plugin. -->","yoast_head_json":{"title":"Pol\u00edtica de privacidade - Sabugalia","robots":{"index":"index","follow":"follow","max-snippet":"max-snippet:-1","max-image-preview":"max-image-preview:large","max-video-preview":"max-video-preview:-1"},"canonical":"http:\/\/sabugalia.com\/gl\/politica-de-privacidade\/","og_locale":"gl_ES","og_type":"article","og_title":"Pol\u00edtica de privacidade - Sabugalia","og_description":"Pol\u00edtica de privacidade Pol\u00edtica de Privacidade VEIGAS DE SABUGUEIRO, S.L. inf\u00f3rmache sobre a s\u00faa Pol\u00edtica de Privacidade respecto ao tratamento e protecci\u00f3n dos datos de car\u00e1cter persoal dos usuarios que poidan ser recollidos durante a navegaci\u00f3n a trav\u00e9s do sitio web carabunhas.com. Neste sentido, garante o cumprimento da normativa vixente en materia de protecci\u00f3n de [&hellip;]","og_url":"http:\/\/sabugalia.com\/gl\/politica-de-privacidade\/","og_site_name":"Sabugalia","article_modified_time":"2025-01-14T11:07:18+00:00","twitter_card":"summary_large_image","twitter_misc":{"Tempo de lectura":"10 minutos"},"schema":{"@context":"https:\/\/schema.org","@graph":[{"@type":"WebPage","@id":"http:\/\/sabugalia.com\/gl\/politica-de-privacidade\/","url":"http:\/\/sabugalia.com\/gl\/politica-de-privacidade\/","name":"Pol\u00edtica de privacidade - Sabugalia","isPartOf":{"@id":"https:\/\/sabugalia.com\/#website"},"datePublished":"2024-09-04T10:22:21+00:00","dateModified":"2025-01-14T11:07:18+00:00","breadcrumb":{"@id":"http:\/\/sabugalia.com\/gl\/politica-de-privacidade\/#breadcrumb"},"inLanguage":"gl-ES","potentialAction":[{"@type":"ReadAction","target":["http:\/\/sabugalia.com\/gl\/politica-de-privacidade\/"]}]},{"@type":"BreadcrumbList","@id":"http:\/\/sabugalia.com\/gl\/politica-de-privacidade\/#breadcrumb","itemListElement":[{"@type":"ListItem","position":1,"name":"Portada","item":"https:\/\/sabugalia.com\/gl\/"},{"@type":"ListItem","position":2,"name":"Pol\u00edtica de privacidade"}]},{"@type":"WebSite","@id":"https:\/\/sabugalia.com\/#website","url":"https:\/\/sabugalia.com\/","name":"Sabugalia","description":"","publisher":{"@id":"https:\/\/sabugalia.com\/#organization"},"potentialAction":[{"@type":"SearchAction","target":{"@type":"EntryPoint","urlTemplate":"https:\/\/sabugalia.com\/?s={search_term_string}"},"query-input":{"@type":"PropertyValueSpecification","valueRequired":true,"valueName":"search_term_string"}}],"inLanguage":"gl-ES"},{"@type":"Organization","@id":"https:\/\/sabugalia.com\/#organization","name":"Sabugalia","url":"https:\/\/sabugalia.com\/","logo":{"@type":"ImageObject","inLanguage":"gl-ES","@id":"https:\/\/sabugalia.com\/#\/schema\/logo\/image\/","url":"https:\/\/sabugalia.com\/wp-content\/uploads\/2024\/08\/LOGO-SABUGALIA.png","contentUrl":"https:\/\/sabugalia.com\/wp-content\/uploads\/2024\/08\/LOGO-SABUGALIA.png","width":539,"height":158,"caption":"Sabugalia"},"image":{"@id":"https:\/\/sabugalia.com\/#\/schema\/logo\/image\/"}}]}},"_links":{"self":[{"href":"https:\/\/sabugalia.com\/gl\/wp-json\/wp\/v2\/pages\/723","targetHints":{"allow":["GET"]}}],"collection":[{"href":"https:\/\/sabugalia.com\/gl\/wp-json\/wp\/v2\/pages"}],"about":[{"href":"https:\/\/sabugalia.com\/gl\/wp-json\/wp\/v2\/types\/page"}],"author":[{"embeddable":true,"href":"https:\/\/sabugalia.com\/gl\/wp-json\/wp\/v2\/users\/1"}],"replies":[{"embeddable":true,"href":"https:\/\/sabugalia.com\/gl\/wp-json\/wp\/v2\/comments?post=723"}],"version-history":[{"count":1,"href":"https:\/\/sabugalia.com\/gl\/wp-json\/wp\/v2\/pages\/723\/revisions"}],"predecessor-version":[{"id":724,"href":"https:\/\/sabugalia.com\/gl\/wp-json\/wp\/v2\/pages\/723\/revisions\/724"}],"wp:attachment":[{"href":"https:\/\/sabugalia.com\/gl\/wp-json\/wp\/v2\/media?parent=723"}],"curies":[{"name":"wp","href":"https:\/\/api.w.org\/{rel}","templated":true}]}}