{"id":721,"date":"2024-09-04T12:27:07","date_gmt":"2024-09-04T10:27:07","guid":{"rendered":"https:\/\/sabugalia.com\/politica-de-cookies\/"},"modified":"2025-01-14T12:07:05","modified_gmt":"2025-01-14T11:07:05","slug":"politica-de-cookies","status":"publish","type":"page","link":"https:\/\/sabugalia.com\/gl\/politica-de-cookies\/","title":{"rendered":"Pol\u00edtica de cookies"},"content":{"rendered":"\t\t<div data-elementor-type=\"wp-page\" data-elementor-id=\"721\" class=\"elementor elementor-721 elementor-420\" data-elementor-post-type=\"page\">\n\t\t\t\t\t\t<section class=\"elementor-section elementor-top-section elementor-element elementor-element-ea0fb00 elementor-section-full_width elementor-section-height-default elementor-section-height-default\" data-id=\"ea0fb00\" data-element_type=\"section\" data-settings=\"{&quot;background_background&quot;:&quot;classic&quot;}\">\n\t\t\t\t\t\t<div class=\"elementor-container elementor-column-gap-default\">\n\t\t\t\t\t<div class=\"elementor-column elementor-col-100 elementor-top-column elementor-element elementor-element-5482f16\" data-id=\"5482f16\" data-element_type=\"column\">\n\t\t\t<div class=\"elementor-widget-wrap elementor-element-populated\">\n\t\t\t\t\t\t<div class=\"elementor-element elementor-element-7125939 elementor-widget elementor-widget-heading\" data-id=\"7125939\" data-element_type=\"widget\" data-widget_type=\"heading.default\">\n\t\t\t\t<div class=\"elementor-widget-container\">\n\t\t\t\t\t<h1 class=\"elementor-heading-title elementor-size-default\">Pol\u00edtica de cookies <\/h1>\t\t\t\t<\/div>\n\t\t\t\t<\/div>\n\t\t\t\t<div class=\"elementor-element elementor-element-c162e5c elementor-widget elementor-widget-text-editor\" data-id=\"c162e5c\" data-element_type=\"widget\" data-widget_type=\"text-editor.default\">\n\t\t\t\t<div class=\"elementor-widget-container\">\n\t\t\t\t\t\t\t\t\t<p><strong>Pol\u00edtica de Cookies<\/strong><\/p>\n<p>En cumprimento co disposto no artigo 22.2 da Lei 34\/2002, do 11 de xullo, de Servizos da Sociedade da Informaci\u00f3n e de Comercio Electr\u00f3nico, o Titular informa de que este sitio web utiliza cookies, as\u00ed como da s\u00faa pol\u00edtica de recollida e do tratamento que fai delas.<\/p>\n<\/p>\n<p><strong>Que son as cookies<\/strong><\/p>\n<p>Unha cookie \u00e9 un ficheiro que se descarga no teu ordenador ao entrar en determinadas p\u00e1xinas web. As cookies permiten a unha p\u00e1xina web, entre outras cousas, almacenar e recuperar informaci\u00f3n sobre os teus h\u00e1bitos de navegaci\u00f3n e \u2014dependendo da informaci\u00f3n que conten e da forma en que utilices o teu equipo\u2014 poden utilizarse para identificarte. <\/p>\n<\/p>\n<p><strong>Tipos de cookies utilizadas<\/strong><\/p>\n<p>O sitio web<a href=\"https:\/\/carabunhas.gal\/\"> carabunhas.com<\/a> utiliza os seguintes tipos de cookies:<\/p>\n<ul>\n<li><strong>Cookies de an\u00e1lise:<\/strong> Son aquelas que, ben tratadas polo sitio web ou por terceiros, permiten cuantificar o n\u00famero de usuarios e as\u00ed realizar a medici\u00f3n e an\u00e1lise estat\u00edstica da utilizaci\u00f3n que fan os usuarios do sitio web. Para iso, anal\u00edzase a navegaci\u00f3n que realizas neste sitio web co fin de melloralo. <\/li>\n<li><strong>Cookies t\u00e9cnicas:<\/strong> Son aquelas tratadas polo sitio web que permiten aos usuarios rexistrados navegar a trav\u00e9s da \u00e1rea restrinxida e utilizar as s\u00faas diferentes funci\u00f3ns, como por exemplo, levar a cabo o proceso de compra dun produto ou servizo. <br \/>Algunhas cookies son fundamentais para o funcionamento do sitio web, por exemplo, o sistema de comentarios ou o buscador.<\/li>\n<li><strong>Cookies de personalizaci\u00f3n:<\/strong> Son aquelas que permiten aos usuarios acceder ao servizo con algunhas caracter\u00edsticas de car\u00e1cter xeral predefinidas en funci\u00f3n dunha serie de criterios establecidos polo usuario, como por exemplo, o idioma ou o tipo de navegador a trav\u00e9s do cal se conecta a este sitio web.<\/li>\n<\/ul>\n<p>O seguinte listado recolle o nome das cookies que utiliza o sitio web:<\/p>\n<ul>\n<li>PHPSESSID<\/li>\n<li>wordpress_test_cookie<\/li>\n<li>wp-settings-*<\/li>\n<\/ul>\n<p><strong>Desactivar las cookies<\/strong><\/p>\n<p>Podes aceptar, bloquear ou eliminar as cookies instaladas no teu equipo mediante a configuraci\u00f3n das opci\u00f3ns do navegador.<\/p>\n<p>Nos seguintes enlaces atopar\u00e1s instruci\u00f3ns para habilitar ou deshabilitar as cookies nos navegadores m\u00e1is com\u00fans.<\/p>\n<ul>\n<li><strong>Firefox<\/strong> <a href=\"http:\/\/support.mozilla.org\/es\/kb\/habilitar-y-deshabilitar-cookies-que-los-sitios-we\">http:\/\/support.mozilla.org\/es\/kb\/habilitar-y-deshabilitar-cookies-que-los-sitios-we<\/a><\/li>\n<li><strong>Safari<\/strong> <a href=\"http:\/\/support.apple.com\/kb\/HT1677?viewlocale=es_ES\">http:\/\/support.apple.com\/kb\/HT1677?viewlocale=es_ES<\/a><\/li>\n<li><strong>Google Chrome<\/strong> <a href=\"https:\/\/support.google.com\/chrome\/answer\/95647?hl=es\">https:\/\/support.google.com\/chrome\/answer\/95647?hl=es<\/a><\/li>\n<\/ul>\n<p><strong>Cookies de terceiros<\/strong><\/p>\n<p>O sitio web utiliza os servizos de \u00abGoogle Analytics\u00bb que poden instalar cookies que serven para obter estat\u00edsticas e datos publicitarios.<\/p>\n<p>O sitio web incl\u00fae outras funcionalidades proporcionadas polas redes sociais e que poden instalar cookies. Podes compartir o contido nas t\u00faas redes sociais como Facebook, Twitter, Google+, Instagram ou YouTube cos bot\u00f3ns inclu\u00eddos a tal efecto ou coas ferramentas para compartir propias das redes sociais. <\/p>\n<\/p>\n<p><strong>Advertencia sobre eliminar cookies<\/strong><\/p>\n<p>Podes eliminar e bloquear as cookies deste sitio web, pero parte do sitio non funcionar\u00e1 correctamente ou a s\u00faa calidade pode verse afectada.<\/p>\n\t\t\t\t\t\t\t\t<\/div>\n\t\t\t\t<\/div>\n\t\t\t\t\t<\/div>\n\t\t<\/div>\n\t\t\t\t\t<\/div>\n\t\t<\/section>\n\t\t\t\t<\/div>\n\t\t","protected":false},"excerpt":{"rendered":"<p>Pol\u00edtica de cookies Pol\u00edtica de Cookies En cumprimento co disposto no artigo 22.2 da Lei 34\/2002, do 11 de xullo, de Servizos da Sociedade da Informaci\u00f3n e de Comercio Electr\u00f3nico, o Titular informa de que este sitio web utiliza cookies, as\u00ed como da s\u00faa pol\u00edtica de recollida e do tratamento que fai delas. Que son [&hellip;]<\/p>\n","protected":false},"author":1,"featured_media":0,"parent":0,"menu_order":0,"comment_status":"closed","ping_status":"closed","template":"elementor_header_footer","meta":{"footnotes":""},"class_list":["post-721","page","type-page","status-publish","hentry"],"yoast_head":"<!-- This site is optimized with the Yoast SEO plugin v26.3 - https:\/\/yoast.com\/wordpress\/plugins\/seo\/ -->\n<title>Pol\u00edtica de cookies - Sabugalia<\/title>\n<meta name=\"robots\" content=\"index, follow, max-snippet:-1, max-image-preview:large, max-video-preview:-1\" \/>\n<link rel=\"canonical\" href=\"http:\/\/sabugalia.com\/gl\/politica-de-cookies\/\" \/>\n<meta property=\"og:locale\" content=\"gl_ES\" \/>\n<meta property=\"og:type\" content=\"article\" \/>\n<meta property=\"og:title\" content=\"Pol\u00edtica de cookies - Sabugalia\" \/>\n<meta property=\"og:description\" content=\"Pol\u00edtica de cookies Pol\u00edtica de Cookies En cumprimento co disposto no artigo 22.2 da Lei 34\/2002, do 11 de xullo, de Servizos da Sociedade da Informaci\u00f3n e de Comercio Electr\u00f3nico, o Titular informa de que este sitio web utiliza cookies, as\u00ed como da s\u00faa pol\u00edtica de recollida e do tratamento que fai delas. Que son [&hellip;]\" \/>\n<meta property=\"og:url\" content=\"http:\/\/sabugalia.com\/gl\/politica-de-cookies\/\" \/>\n<meta property=\"og:site_name\" content=\"Sabugalia\" \/>\n<meta property=\"article:modified_time\" content=\"2025-01-14T11:07:05+00:00\" \/>\n<meta name=\"twitter:card\" content=\"summary_large_image\" \/>\n<meta name=\"twitter:label1\" content=\"Tempo de lectura\" \/>\n\t<meta name=\"twitter:data1\" content=\"3 minutos\" \/>\n<script type=\"application\/ld+json\" class=\"yoast-schema-graph\">{\"@context\":\"https:\/\/schema.org\",\"@graph\":[{\"@type\":\"WebPage\",\"@id\":\"http:\/\/sabugalia.com\/gl\/politica-de-cookies\/\",\"url\":\"http:\/\/sabugalia.com\/gl\/politica-de-cookies\/\",\"name\":\"Pol\u00edtica de cookies - Sabugalia\",\"isPartOf\":{\"@id\":\"https:\/\/sabugalia.com\/#website\"},\"datePublished\":\"2024-09-04T10:27:07+00:00\",\"dateModified\":\"2025-01-14T11:07:05+00:00\",\"breadcrumb\":{\"@id\":\"http:\/\/sabugalia.com\/gl\/politica-de-cookies\/#breadcrumb\"},\"inLanguage\":\"gl-ES\",\"potentialAction\":[{\"@type\":\"ReadAction\",\"target\":[\"http:\/\/sabugalia.com\/gl\/politica-de-cookies\/\"]}]},{\"@type\":\"BreadcrumbList\",\"@id\":\"http:\/\/sabugalia.com\/gl\/politica-de-cookies\/#breadcrumb\",\"itemListElement\":[{\"@type\":\"ListItem\",\"position\":1,\"name\":\"Portada\",\"item\":\"https:\/\/sabugalia.com\/gl\/\"},{\"@type\":\"ListItem\",\"position\":2,\"name\":\"Pol\u00edtica de cookies\"}]},{\"@type\":\"WebSite\",\"@id\":\"https:\/\/sabugalia.com\/#website\",\"url\":\"https:\/\/sabugalia.com\/\",\"name\":\"Sabugalia\",\"description\":\"\",\"publisher\":{\"@id\":\"https:\/\/sabugalia.com\/#organization\"},\"potentialAction\":[{\"@type\":\"SearchAction\",\"target\":{\"@type\":\"EntryPoint\",\"urlTemplate\":\"https:\/\/sabugalia.com\/?s={search_term_string}\"},\"query-input\":{\"@type\":\"PropertyValueSpecification\",\"valueRequired\":true,\"valueName\":\"search_term_string\"}}],\"inLanguage\":\"gl-ES\"},{\"@type\":\"Organization\",\"@id\":\"https:\/\/sabugalia.com\/#organization\",\"name\":\"Sabugalia\",\"url\":\"https:\/\/sabugalia.com\/\",\"logo\":{\"@type\":\"ImageObject\",\"inLanguage\":\"gl-ES\",\"@id\":\"https:\/\/sabugalia.com\/#\/schema\/logo\/image\/\",\"url\":\"https:\/\/sabugalia.com\/wp-content\/uploads\/2024\/08\/LOGO-SABUGALIA.png\",\"contentUrl\":\"https:\/\/sabugalia.com\/wp-content\/uploads\/2024\/08\/LOGO-SABUGALIA.png\",\"width\":539,\"height\":158,\"caption\":\"Sabugalia\"},\"image\":{\"@id\":\"https:\/\/sabugalia.com\/#\/schema\/logo\/image\/\"}}]}<\/script>\n<!-- \/ Yoast SEO plugin. -->","yoast_head_json":{"title":"Pol\u00edtica de cookies - Sabugalia","robots":{"index":"index","follow":"follow","max-snippet":"max-snippet:-1","max-image-preview":"max-image-preview:large","max-video-preview":"max-video-preview:-1"},"canonical":"http:\/\/sabugalia.com\/gl\/politica-de-cookies\/","og_locale":"gl_ES","og_type":"article","og_title":"Pol\u00edtica de cookies - Sabugalia","og_description":"Pol\u00edtica de cookies Pol\u00edtica de Cookies En cumprimento co disposto no artigo 22.2 da Lei 34\/2002, do 11 de xullo, de Servizos da Sociedade da Informaci\u00f3n e de Comercio Electr\u00f3nico, o Titular informa de que este sitio web utiliza cookies, as\u00ed como da s\u00faa pol\u00edtica de recollida e do tratamento que fai delas. Que son [&hellip;]","og_url":"http:\/\/sabugalia.com\/gl\/politica-de-cookies\/","og_site_name":"Sabugalia","article_modified_time":"2025-01-14T11:07:05+00:00","twitter_card":"summary_large_image","twitter_misc":{"Tempo de lectura":"3 minutos"},"schema":{"@context":"https:\/\/schema.org","@graph":[{"@type":"WebPage","@id":"http:\/\/sabugalia.com\/gl\/politica-de-cookies\/","url":"http:\/\/sabugalia.com\/gl\/politica-de-cookies\/","name":"Pol\u00edtica de cookies - Sabugalia","isPartOf":{"@id":"https:\/\/sabugalia.com\/#website"},"datePublished":"2024-09-04T10:27:07+00:00","dateModified":"2025-01-14T11:07:05+00:00","breadcrumb":{"@id":"http:\/\/sabugalia.com\/gl\/politica-de-cookies\/#breadcrumb"},"inLanguage":"gl-ES","potentialAction":[{"@type":"ReadAction","target":["http:\/\/sabugalia.com\/gl\/politica-de-cookies\/"]}]},{"@type":"BreadcrumbList","@id":"http:\/\/sabugalia.com\/gl\/politica-de-cookies\/#breadcrumb","itemListElement":[{"@type":"ListItem","position":1,"name":"Portada","item":"https:\/\/sabugalia.com\/gl\/"},{"@type":"ListItem","position":2,"name":"Pol\u00edtica de cookies"}]},{"@type":"WebSite","@id":"https:\/\/sabugalia.com\/#website","url":"https:\/\/sabugalia.com\/","name":"Sabugalia","description":"","publisher":{"@id":"https:\/\/sabugalia.com\/#organization"},"potentialAction":[{"@type":"SearchAction","target":{"@type":"EntryPoint","urlTemplate":"https:\/\/sabugalia.com\/?s={search_term_string}"},"query-input":{"@type":"PropertyValueSpecification","valueRequired":true,"valueName":"search_term_string"}}],"inLanguage":"gl-ES"},{"@type":"Organization","@id":"https:\/\/sabugalia.com\/#organization","name":"Sabugalia","url":"https:\/\/sabugalia.com\/","logo":{"@type":"ImageObject","inLanguage":"gl-ES","@id":"https:\/\/sabugalia.com\/#\/schema\/logo\/image\/","url":"https:\/\/sabugalia.com\/wp-content\/uploads\/2024\/08\/LOGO-SABUGALIA.png","contentUrl":"https:\/\/sabugalia.com\/wp-content\/uploads\/2024\/08\/LOGO-SABUGALIA.png","width":539,"height":158,"caption":"Sabugalia"},"image":{"@id":"https:\/\/sabugalia.com\/#\/schema\/logo\/image\/"}}]}},"_links":{"self":[{"href":"https:\/\/sabugalia.com\/gl\/wp-json\/wp\/v2\/pages\/721","targetHints":{"allow":["GET"]}}],"collection":[{"href":"https:\/\/sabugalia.com\/gl\/wp-json\/wp\/v2\/pages"}],"about":[{"href":"https:\/\/sabugalia.com\/gl\/wp-json\/wp\/v2\/types\/page"}],"author":[{"embeddable":true,"href":"https:\/\/sabugalia.com\/gl\/wp-json\/wp\/v2\/users\/1"}],"replies":[{"embeddable":true,"href":"https:\/\/sabugalia.com\/gl\/wp-json\/wp\/v2\/comments?post=721"}],"version-history":[{"count":1,"href":"https:\/\/sabugalia.com\/gl\/wp-json\/wp\/v2\/pages\/721\/revisions"}],"predecessor-version":[{"id":722,"href":"https:\/\/sabugalia.com\/gl\/wp-json\/wp\/v2\/pages\/721\/revisions\/722"}],"wp:attachment":[{"href":"https:\/\/sabugalia.com\/gl\/wp-json\/wp\/v2\/media?parent=721"}],"curies":[{"name":"wp","href":"https:\/\/api.w.org\/{rel}","templated":true}]}}