{"id":713,"date":"2024-08-23T10:10:37","date_gmt":"2024-08-23T08:10:37","guid":{"rendered":"https:\/\/sabugalia.com\/blog\/"},"modified":"2025-01-14T12:04:41","modified_gmt":"2025-01-14T11:04:41","slug":"blog","status":"publish","type":"page","link":"https:\/\/sabugalia.com\/gl\/blog\/","title":{"rendered":"Blog"},"content":{"rendered":"\t\t<div data-elementor-type=\"wp-page\" data-elementor-id=\"713\" class=\"elementor elementor-713 elementor-94\" data-elementor-post-type=\"page\">\n\t\t\t\t\t\t<section class=\"elementor-section elementor-top-section elementor-element elementor-element-ffa22ed elementor-section-full_width elementor-section-height-default elementor-section-height-default\" data-id=\"ffa22ed\" data-element_type=\"section\" data-settings=\"{&quot;background_background&quot;:&quot;classic&quot;}\">\n\t\t\t\t\t\t<div class=\"elementor-container elementor-column-gap-default\">\n\t\t\t\t\t<div class=\"elementor-column elementor-col-100 elementor-top-column elementor-element elementor-element-a5adb80\" data-id=\"a5adb80\" data-element_type=\"column\">\n\t\t\t<div class=\"elementor-widget-wrap elementor-element-populated\">\n\t\t\t\t\t\t<div class=\"elementor-element elementor-element-12a45c9 elementor-widget elementor-widget-heading\" data-id=\"12a45c9\" data-element_type=\"widget\" data-widget_type=\"heading.default\">\n\t\t\t\t<div class=\"elementor-widget-container\">\n\t\t\t\t\t<h1 class=\"elementor-heading-title elementor-size-default\">Blog<\/h1>\t\t\t\t<\/div>\n\t\t\t\t<\/div>\n\t\t\t\t<div class=\"elementor-element elementor-element-9422064 elementor-grid-4 elementor-grid-tablet-2 elementor-grid-mobile-1 elementor-posts--thumbnail-top elementor-widget elementor-widget-posts\" data-id=\"9422064\" data-element_type=\"widget\" data-settings=\"{&quot;classic_columns&quot;:&quot;4&quot;,&quot;classic_columns_tablet&quot;:&quot;2&quot;,&quot;classic_columns_mobile&quot;:&quot;1&quot;,&quot;classic_row_gap&quot;:{&quot;unit&quot;:&quot;px&quot;,&quot;size&quot;:35,&quot;sizes&quot;:[]},&quot;classic_row_gap_tablet&quot;:{&quot;unit&quot;:&quot;px&quot;,&quot;size&quot;:&quot;&quot;,&quot;sizes&quot;:[]},&quot;classic_row_gap_mobile&quot;:{&quot;unit&quot;:&quot;px&quot;,&quot;size&quot;:&quot;&quot;,&quot;sizes&quot;:[]}}\" data-widget_type=\"posts.classic\">\n\t\t\t\t<div class=\"elementor-widget-container\">\n\t\t\t\t\t\t\t<div class=\"elementor-posts-container elementor-posts elementor-posts--skin-classic elementor-grid\" role=\"list\">\n\t\t\t\t<article class=\"elementor-post elementor-grid-item post-807 post type-post status-publish format-standard has-post-thumbnail hentry category-sin-categorizar\" role=\"listitem\">\n\t\t\t\t<a class=\"elementor-post__thumbnail__link\" href=\"https:\/\/sabugalia.com\/gl\/descubre-as-incribles-propiedades-da-flor-de-sabugueiro-para-a-tua-saude\/\" tabindex=\"-1\" >\n\t\t\t<div class=\"elementor-post__thumbnail\"><img fetchpriority=\"high\" decoding=\"async\" width=\"1024\" height=\"768\" src=\"https:\/\/sabugalia.com\/wp-content\/uploads\/2024\/08\/WhatsApp-Image-2021-05-02-at-20.57.27-1-1024x768-1.jpg\" class=\"attachment-full size-full wp-image-198\" alt=\"\" srcset=\"https:\/\/sabugalia.com\/wp-content\/uploads\/2024\/08\/WhatsApp-Image-2021-05-02-at-20.57.27-1-1024x768-1.jpg 1024w, https:\/\/sabugalia.com\/wp-content\/uploads\/2024\/08\/WhatsApp-Image-2021-05-02-at-20.57.27-1-1024x768-1-300x225.jpg 300w, https:\/\/sabugalia.com\/wp-content\/uploads\/2024\/08\/WhatsApp-Image-2021-05-02-at-20.57.27-1-1024x768-1-768x576.jpg 768w, https:\/\/sabugalia.com\/wp-content\/uploads\/2024\/08\/WhatsApp-Image-2021-05-02-at-20.57.27-1-1024x768-1-800x600.jpg 800w, https:\/\/sabugalia.com\/wp-content\/uploads\/2024\/08\/WhatsApp-Image-2021-05-02-at-20.57.27-1-1024x768-1-700x525.jpg 700w, https:\/\/sabugalia.com\/wp-content\/uploads\/2024\/08\/WhatsApp-Image-2021-05-02-at-20.57.27-1-1024x768-1-600x450.jpg 600w\" sizes=\"(max-width: 1024px) 100vw, 1024px\" \/><\/div>\n\t\t<\/a>\n\t\t\t\t<div class=\"elementor-post__text\">\n\t\t\t\t<h3 class=\"elementor-post__title\">\n\t\t\t<a href=\"https:\/\/sabugalia.com\/gl\/descubre-as-incribles-propiedades-da-flor-de-sabugueiro-para-a-tua-saude\/\" >\n\t\t\t\tDescubre as Incr\u00edbles Propiedades da Flor de Sabugueiro para a T\u00faa Sa\u00fade\t\t\t<\/a>\n\t\t<\/h3>\n\t\t\t\t<div class=\"elementor-post__excerpt\">\n\t\t\t<p>A flor de sabugueiro (Sambucus nigra L.) foi utilizada durante s\u00e9culos na medicina tradicional grazas aos seus impresionantes beneficios para<\/p>\n\t\t<\/div>\n\t\t\n\t\t<a class=\"elementor-post__read-more\" href=\"https:\/\/sabugalia.com\/gl\/descubre-as-incribles-propiedades-da-flor-de-sabugueiro-para-a-tua-saude\/\" aria-label=\"Read more about Descubre as Incr\u00edbles Propiedades da Flor de Sabugueiro para a T\u00faa Sa\u00fade\" tabindex=\"-1\" >\n\t\t\t-&gt;\t\t<\/a>\n\n\t\t\t\t<\/div>\n\t\t\t\t<\/article>\n\t\t\t\t<article class=\"elementor-post elementor-grid-item post-803 post type-post status-publish format-standard has-post-thumbnail hentry category-sin-categorizar\" role=\"listitem\">\n\t\t\t\t<a class=\"elementor-post__thumbnail__link\" href=\"https:\/\/sabugalia.com\/gl\/a-baya-de-sabugueiro-o-poder-antioxidante-que-o-teu-corpo-precisa\/\" tabindex=\"-1\" >\n\t\t\t<div class=\"elementor-post__thumbnail\"><img decoding=\"async\" width=\"700\" height=\"500\" src=\"https:\/\/sabugalia.com\/wp-content\/uploads\/2024\/09\/Sabugalia-Carrusel-_0001_20240826_sabugueiro_IMG_7251.jpg\" class=\"attachment-full size-full wp-image-598\" alt=\"\" srcset=\"https:\/\/sabugalia.com\/wp-content\/uploads\/2024\/09\/Sabugalia-Carrusel-_0001_20240826_sabugueiro_IMG_7251.jpg 700w, https:\/\/sabugalia.com\/wp-content\/uploads\/2024\/09\/Sabugalia-Carrusel-_0001_20240826_sabugueiro_IMG_7251-300x214.jpg 300w, https:\/\/sabugalia.com\/wp-content\/uploads\/2024\/09\/Sabugalia-Carrusel-_0001_20240826_sabugueiro_IMG_7251-600x429.jpg 600w\" sizes=\"(max-width: 700px) 100vw, 700px\" \/><\/div>\n\t\t<\/a>\n\t\t\t\t<div class=\"elementor-post__text\">\n\t\t\t\t<h3 class=\"elementor-post__title\">\n\t\t\t<a href=\"https:\/\/sabugalia.com\/gl\/a-baya-de-sabugueiro-o-poder-antioxidante-que-o-teu-corpo-precisa\/\" >\n\t\t\t\tA Baga de Sabugueiro: O Poder Antioxidante que o Teu Corpo Precisa\t\t\t<\/a>\n\t\t<\/h3>\n\t\t\t\t<div class=\"elementor-post__excerpt\">\n\t\t\t<p>As Bagas de Sabugueiro: O Superalimento Natural para Fortalecer a T\u00faa Sa\u00fade As bagas de sabugueiro (Sambucus nigra L.) son<\/p>\n\t\t<\/div>\n\t\t\n\t\t<a class=\"elementor-post__read-more\" href=\"https:\/\/sabugalia.com\/gl\/a-baya-de-sabugueiro-o-poder-antioxidante-que-o-teu-corpo-precisa\/\" aria-label=\"Read more about A Baga de Sabugueiro: O Poder Antioxidante que o Teu Corpo Precisa\" tabindex=\"-1\" >\n\t\t\t-&gt;\t\t<\/a>\n\n\t\t\t\t<\/div>\n\t\t\t\t<\/article>\n\t\t\t\t<article class=\"elementor-post elementor-grid-item post-799 post type-post status-publish format-standard has-post-thumbnail hentry category-sin-categorizar\" role=\"listitem\">\n\t\t\t\t<a class=\"elementor-post__thumbnail__link\" href=\"https:\/\/sabugalia.com\/gl\/o-sabugueiro-unha-viaxe-a-traves-da-historia-a-mitoloxia-e-a-saude-moderna\/\" tabindex=\"-1\" >\n\t\t\t<div class=\"elementor-post__thumbnail\"><img decoding=\"async\" width=\"1024\" height=\"688\" src=\"https:\/\/sabugalia.com\/wp-content\/uploads\/2024\/08\/plantacion-sabugueiro2-1024x688-1.jpg\" class=\"attachment-full size-full wp-image-157\" alt=\"\" srcset=\"https:\/\/sabugalia.com\/wp-content\/uploads\/2024\/08\/plantacion-sabugueiro2-1024x688-1.jpg 1024w, https:\/\/sabugalia.com\/wp-content\/uploads\/2024\/08\/plantacion-sabugueiro2-1024x688-1-300x202.jpg 300w, https:\/\/sabugalia.com\/wp-content\/uploads\/2024\/08\/plantacion-sabugueiro2-1024x688-1-768x516.jpg 768w, https:\/\/sabugalia.com\/wp-content\/uploads\/2024\/08\/plantacion-sabugueiro2-1024x688-1-700x470.jpg 700w, https:\/\/sabugalia.com\/wp-content\/uploads\/2024\/08\/plantacion-sabugueiro2-1024x688-1-600x403.jpg 600w\" sizes=\"(max-width: 1024px) 100vw, 1024px\" \/><\/div>\n\t\t<\/a>\n\t\t\t\t<div class=\"elementor-post__text\">\n\t\t\t\t<h3 class=\"elementor-post__title\">\n\t\t\t<a href=\"https:\/\/sabugalia.com\/gl\/o-sabugueiro-unha-viaxe-a-traves-da-historia-a-mitoloxia-e-a-saude-moderna\/\" >\n\t\t\t\tO Sabugueiro: Unha Viaxe a Trav\u00e9s da Historia, a Mitolox\u00eda e a Sa\u00fade Moderna\t\t\t<\/a>\n\t\t<\/h3>\n\t\t\t\t<div class=\"elementor-post__excerpt\">\n\t\t\t<p>Desde tempos inmemoriais, o sabugueiro (Sambucus nigra L.) foi unha planta profundamente entrelazada coa vida humana. Este arbusto, coas s\u00faas<\/p>\n\t\t<\/div>\n\t\t\n\t\t<a class=\"elementor-post__read-more\" href=\"https:\/\/sabugalia.com\/gl\/o-sabugueiro-unha-viaxe-a-traves-da-historia-a-mitoloxia-e-a-saude-moderna\/\" aria-label=\"Read more about O Sabugueiro: Unha Viaxe a Trav\u00e9s da Historia, a Mitolox\u00eda e a Sa\u00fade Moderna\" tabindex=\"-1\" >\n\t\t\t-&gt;\t\t<\/a>\n\n\t\t\t\t<\/div>\n\t\t\t\t<\/article>\n\t\t\t\t<article class=\"elementor-post elementor-grid-item post-795 post type-post status-publish format-standard has-post-thumbnail hentry category-sin-categorizar\" role=\"listitem\">\n\t\t\t\t<a class=\"elementor-post__thumbnail__link\" href=\"https:\/\/sabugalia.com\/gl\/o-sabugueiro-o-segredo-natural-para-unha-pel-saudable-e-radiante\/\" tabindex=\"-1\" >\n\t\t\t<div class=\"elementor-post__thumbnail\"><img loading=\"lazy\" decoding=\"async\" width=\"700\" height=\"500\" src=\"https:\/\/sabugalia.com\/wp-content\/uploads\/2024\/09\/Sabugalia-_0003_20240826_sabugueiro_IMG_7375.jpg\" class=\"attachment-full size-full wp-image-589\" alt=\"\" srcset=\"https:\/\/sabugalia.com\/wp-content\/uploads\/2024\/09\/Sabugalia-_0003_20240826_sabugueiro_IMG_7375.jpg 700w, https:\/\/sabugalia.com\/wp-content\/uploads\/2024\/09\/Sabugalia-_0003_20240826_sabugueiro_IMG_7375-300x214.jpg 300w, https:\/\/sabugalia.com\/wp-content\/uploads\/2024\/09\/Sabugalia-_0003_20240826_sabugueiro_IMG_7375-600x429.jpg 600w\" sizes=\"(max-width: 700px) 100vw, 700px\" \/><\/div>\n\t\t<\/a>\n\t\t\t\t<div class=\"elementor-post__text\">\n\t\t\t\t<h3 class=\"elementor-post__title\">\n\t\t\t<a href=\"https:\/\/sabugalia.com\/gl\/o-sabugueiro-o-segredo-natural-para-unha-pel-saudable-e-radiante\/\" >\n\t\t\t\tO Sabugueiro: O Segredo Natural para unha Pel Saudable e Radiante\t\t\t<\/a>\n\t\t<\/h3>\n\t\t\t\t<div class=\"elementor-post__excerpt\">\n\t\t\t<p>O sabugueiro (Sambucus nigra L.), co\u00f1ecido polas s\u00faas propiedades medicinais e o seu papel na tradici\u00f3n popular, foi redescuberto como<\/p>\n\t\t<\/div>\n\t\t\n\t\t<a class=\"elementor-post__read-more\" href=\"https:\/\/sabugalia.com\/gl\/o-sabugueiro-o-segredo-natural-para-unha-pel-saudable-e-radiante\/\" aria-label=\"Read more about O Sabugueiro: O Segredo Natural para unha Pel Saudable e Radiante\" tabindex=\"-1\" >\n\t\t\t-&gt;\t\t<\/a>\n\n\t\t\t\t<\/div>\n\t\t\t\t<\/article>\n\t\t\t\t<article class=\"elementor-post elementor-grid-item post-790 post type-post status-publish format-standard has-post-thumbnail hentry category-sin-categorizar\" role=\"listitem\">\n\t\t\t\t<a class=\"elementor-post__thumbnail__link\" href=\"https:\/\/sabugalia.com\/gl\/o-sabugueiro-o-teu-aliado-natural-para-relaxarte-e-reducir-o-estres\/\" tabindex=\"-1\" >\n\t\t\t<div class=\"elementor-post__thumbnail\"><img loading=\"lazy\" decoding=\"async\" width=\"700\" height=\"500\" src=\"https:\/\/sabugalia.com\/wp-content\/uploads\/2024\/09\/Sabugalia-Carrusel-_0005_20240826_sabugueiro_IMG_7344.jpg\" class=\"attachment-full size-full wp-image-606\" alt=\"\" srcset=\"https:\/\/sabugalia.com\/wp-content\/uploads\/2024\/09\/Sabugalia-Carrusel-_0005_20240826_sabugueiro_IMG_7344.jpg 700w, https:\/\/sabugalia.com\/wp-content\/uploads\/2024\/09\/Sabugalia-Carrusel-_0005_20240826_sabugueiro_IMG_7344-300x214.jpg 300w, https:\/\/sabugalia.com\/wp-content\/uploads\/2024\/09\/Sabugalia-Carrusel-_0005_20240826_sabugueiro_IMG_7344-600x429.jpg 600w\" sizes=\"(max-width: 700px) 100vw, 700px\" \/><\/div>\n\t\t<\/a>\n\t\t\t\t<div class=\"elementor-post__text\">\n\t\t\t\t<h3 class=\"elementor-post__title\">\n\t\t\t<a href=\"https:\/\/sabugalia.com\/gl\/o-sabugueiro-o-teu-aliado-natural-para-relaxarte-e-reducir-o-estres\/\" >\n\t\t\t\tO Sabugueiro: O Teu Aliado Natural para Relaxarte e Reducir o Estr\u00e9s\t\t\t<\/a>\n\t\t<\/h3>\n\t\t\t\t<div class=\"elementor-post__excerpt\">\n\t\t\t<p>Nun mundo cada vez m\u00e1is acelerado, o estr\u00e9s converteuse nun compa\u00f1eiro indesexado para moitas persoas. Por\u00e9n, a natureza ofr\u00e9cenos alternativas<\/p>\n\t\t<\/div>\n\t\t\n\t\t<a class=\"elementor-post__read-more\" href=\"https:\/\/sabugalia.com\/gl\/o-sabugueiro-o-teu-aliado-natural-para-relaxarte-e-reducir-o-estres\/\" aria-label=\"Read more about O Sabugueiro: O Teu Aliado Natural para Relaxarte e Reducir o Estr\u00e9s\" tabindex=\"-1\" >\n\t\t\t-&gt;\t\t<\/a>\n\n\t\t\t\t<\/div>\n\t\t\t\t<\/article>\n\t\t\t\t<article class=\"elementor-post elementor-grid-item post-785 post type-post status-publish format-standard has-post-thumbnail hentry category-sin-categorizar\" role=\"listitem\">\n\t\t\t\t<a class=\"elementor-post__thumbnail__link\" href=\"https:\/\/sabugalia.com\/gl\/tinturas-de-sabugueiro-que-son-como-usalas-e-por-que-son-tan-beneficiosas\/\" tabindex=\"-1\" >\n\t\t\t<div class=\"elementor-post__thumbnail\"><img loading=\"lazy\" decoding=\"async\" width=\"1024\" height=\"651\" src=\"https:\/\/sabugalia.com\/wp-content\/uploads\/2024\/08\/sabugueiro2-1024x651-1.jpg\" class=\"attachment-full size-full wp-image-203\" alt=\"\" srcset=\"https:\/\/sabugalia.com\/wp-content\/uploads\/2024\/08\/sabugueiro2-1024x651-1.jpg 1024w, https:\/\/sabugalia.com\/wp-content\/uploads\/2024\/08\/sabugueiro2-1024x651-1-300x191.jpg 300w, https:\/\/sabugalia.com\/wp-content\/uploads\/2024\/08\/sabugueiro2-1024x651-1-768x488.jpg 768w, https:\/\/sabugalia.com\/wp-content\/uploads\/2024\/08\/sabugueiro2-1024x651-1-700x445.jpg 700w, https:\/\/sabugalia.com\/wp-content\/uploads\/2024\/08\/sabugueiro2-1024x651-1-600x381.jpg 600w\" sizes=\"(max-width: 1024px) 100vw, 1024px\" \/><\/div>\n\t\t<\/a>\n\t\t\t\t<div class=\"elementor-post__text\">\n\t\t\t\t<h3 class=\"elementor-post__title\">\n\t\t\t<a href=\"https:\/\/sabugalia.com\/gl\/tinturas-de-sabugueiro-que-son-como-usalas-e-por-que-son-tan-beneficiosas\/\" >\n\t\t\t\tTinturas de Sabugueiro: Que Son, Como Usalas e Por que Son Tan Beneficiosas\t\t\t<\/a>\n\t\t<\/h3>\n\t\t\t\t<div class=\"elementor-post__excerpt\">\n\t\t\t<p>A natureza ofr\u00e9cenos unha ampla variedade de ferramentas para coidar a nosa sa\u00fade de forma natural, e as tinturas son<\/p>\n\t\t<\/div>\n\t\t\n\t\t<a class=\"elementor-post__read-more\" href=\"https:\/\/sabugalia.com\/gl\/tinturas-de-sabugueiro-que-son-como-usalas-e-por-que-son-tan-beneficiosas\/\" aria-label=\"Read more about Tinturas de Sabugueiro: Que Son, Como Usalas e Por que Son Tan Beneficiosas\" tabindex=\"-1\" >\n\t\t\t-&gt;\t\t<\/a>\n\n\t\t\t\t<\/div>\n\t\t\t\t<\/article>\n\t\t\t\t<article class=\"elementor-post elementor-grid-item post-776 post type-post status-publish format-standard has-post-thumbnail hentry category-sin-categorizar\" role=\"listitem\">\n\t\t\t\t<a class=\"elementor-post__thumbnail__link\" href=\"https:\/\/sabugalia.com\/gl\/sauco-precaucions-e-mitos-sobre-o-seu-consumo-seguro\/\" tabindex=\"-1\" >\n\t\t\t<div class=\"elementor-post__thumbnail\"><img loading=\"lazy\" decoding=\"async\" width=\"700\" height=\"500\" src=\"https:\/\/sabugalia.com\/wp-content\/uploads\/2024\/09\/Sabugalia-Carrusel-_0006_20240826_sabugueiro_IMG_7331.jpg\" class=\"attachment-full size-full wp-image-608\" alt=\"\" srcset=\"https:\/\/sabugalia.com\/wp-content\/uploads\/2024\/09\/Sabugalia-Carrusel-_0006_20240826_sabugueiro_IMG_7331.jpg 700w, https:\/\/sabugalia.com\/wp-content\/uploads\/2024\/09\/Sabugalia-Carrusel-_0006_20240826_sabugueiro_IMG_7331-300x214.jpg 300w, https:\/\/sabugalia.com\/wp-content\/uploads\/2024\/09\/Sabugalia-Carrusel-_0006_20240826_sabugueiro_IMG_7331-600x429.jpg 600w\" sizes=\"(max-width: 700px) 100vw, 700px\" \/><\/div>\n\t\t<\/a>\n\t\t\t\t<div class=\"elementor-post__text\">\n\t\t\t\t<h3 class=\"elementor-post__title\">\n\t\t\t<a href=\"https:\/\/sabugalia.com\/gl\/sauco-precaucions-e-mitos-sobre-o-seu-consumo-seguro\/\" >\n\t\t\t\tSa\u00faco: Precauci\u00f3ns e Mitos sobre o seu Consumo Seguro\t\t\t<\/a>\n\t\t<\/h3>\n\t\t\t\t<div class=\"elementor-post__excerpt\">\n\t\t\t<p>O sabugueiro (Sambucus nigra L.) \u00e9 unha planta valorada polos seus beneficios para a sa\u00fade e a s\u00faa versatilidade na<\/p>\n\t\t<\/div>\n\t\t\n\t\t<a class=\"elementor-post__read-more\" href=\"https:\/\/sabugalia.com\/gl\/sauco-precaucions-e-mitos-sobre-o-seu-consumo-seguro\/\" aria-label=\"Read more about Sa\u00faco: Precauci\u00f3ns e Mitos sobre o seu Consumo Seguro\" tabindex=\"-1\" >\n\t\t\t-&gt;\t\t<\/a>\n\n\t\t\t\t<\/div>\n\t\t\t\t<\/article>\n\t\t\t\t<\/div>\n\t\t\n\t\t\t\t\t\t<\/div>\n\t\t\t\t<\/div>\n\t\t\t\t\t<\/div>\n\t\t<\/div>\n\t\t\t\t\t<\/div>\n\t\t<\/section>\n\t\t\t\t<\/div>\n\t\t","protected":false},"excerpt":{"rendered":"<p>Blog<\/p>\n","protected":false},"author":1,"featured_media":0,"parent":0,"menu_order":0,"comment_status":"closed","ping_status":"closed","template":"elementor_header_footer","meta":{"footnotes":""},"class_list":["post-713","page","type-page","status-publish","hentry"],"yoast_head":"<!-- This site is optimized with the Yoast SEO plugin v26.3 - https:\/\/yoast.com\/wordpress\/plugins\/seo\/ -->\n<title>Blog - Sabugalia<\/title>\n<meta name=\"robots\" content=\"index, follow, max-snippet:-1, max-image-preview:large, max-video-preview:-1\" \/>\n<link rel=\"canonical\" href=\"http:\/\/sabugalia.com\/gl\/blog\/\" \/>\n<meta property=\"og:locale\" content=\"gl_ES\" \/>\n<meta property=\"og:type\" content=\"article\" \/>\n<meta property=\"og:title\" content=\"Blog - Sabugalia\" \/>\n<meta property=\"og:description\" content=\"Blog\" \/>\n<meta property=\"og:url\" content=\"http:\/\/sabugalia.com\/gl\/blog\/\" \/>\n<meta property=\"og:site_name\" content=\"Sabugalia\" \/>\n<meta property=\"article:modified_time\" content=\"2025-01-14T11:04:41+00:00\" \/>\n<meta name=\"twitter:card\" content=\"summary_large_image\" \/>\n<script type=\"application\/ld+json\" class=\"yoast-schema-graph\">{\"@context\":\"https:\/\/schema.org\",\"@graph\":[{\"@type\":\"WebPage\",\"@id\":\"http:\/\/sabugalia.com\/gl\/blog\/\",\"url\":\"http:\/\/sabugalia.com\/gl\/blog\/\",\"name\":\"Blog - Sabugalia\",\"isPartOf\":{\"@id\":\"https:\/\/sabugalia.com\/#website\"},\"datePublished\":\"2024-08-23T08:10:37+00:00\",\"dateModified\":\"2025-01-14T11:04:41+00:00\",\"breadcrumb\":{\"@id\":\"http:\/\/sabugalia.com\/gl\/blog\/#breadcrumb\"},\"inLanguage\":\"gl-ES\",\"potentialAction\":[{\"@type\":\"ReadAction\",\"target\":[\"http:\/\/sabugalia.com\/gl\/blog\/\"]}]},{\"@type\":\"BreadcrumbList\",\"@id\":\"http:\/\/sabugalia.com\/gl\/blog\/#breadcrumb\",\"itemListElement\":[{\"@type\":\"ListItem\",\"position\":1,\"name\":\"Portada\",\"item\":\"https:\/\/sabugalia.com\/gl\/\"},{\"@type\":\"ListItem\",\"position\":2,\"name\":\"Blog\"}]},{\"@type\":\"WebSite\",\"@id\":\"https:\/\/sabugalia.com\/#website\",\"url\":\"https:\/\/sabugalia.com\/\",\"name\":\"Sabugalia\",\"description\":\"\",\"publisher\":{\"@id\":\"https:\/\/sabugalia.com\/#organization\"},\"potentialAction\":[{\"@type\":\"SearchAction\",\"target\":{\"@type\":\"EntryPoint\",\"urlTemplate\":\"https:\/\/sabugalia.com\/?s={search_term_string}\"},\"query-input\":{\"@type\":\"PropertyValueSpecification\",\"valueRequired\":true,\"valueName\":\"search_term_string\"}}],\"inLanguage\":\"gl-ES\"},{\"@type\":\"Organization\",\"@id\":\"https:\/\/sabugalia.com\/#organization\",\"name\":\"Sabugalia\",\"url\":\"https:\/\/sabugalia.com\/\",\"logo\":{\"@type\":\"ImageObject\",\"inLanguage\":\"gl-ES\",\"@id\":\"https:\/\/sabugalia.com\/#\/schema\/logo\/image\/\",\"url\":\"https:\/\/sabugalia.com\/wp-content\/uploads\/2024\/08\/LOGO-SABUGALIA.png\",\"contentUrl\":\"https:\/\/sabugalia.com\/wp-content\/uploads\/2024\/08\/LOGO-SABUGALIA.png\",\"width\":539,\"height\":158,\"caption\":\"Sabugalia\"},\"image\":{\"@id\":\"https:\/\/sabugalia.com\/#\/schema\/logo\/image\/\"}}]}<\/script>\n<!-- \/ Yoast SEO plugin. -->","yoast_head_json":{"title":"Blog - Sabugalia","robots":{"index":"index","follow":"follow","max-snippet":"max-snippet:-1","max-image-preview":"max-image-preview:large","max-video-preview":"max-video-preview:-1"},"canonical":"http:\/\/sabugalia.com\/gl\/blog\/","og_locale":"gl_ES","og_type":"article","og_title":"Blog - Sabugalia","og_description":"Blog","og_url":"http:\/\/sabugalia.com\/gl\/blog\/","og_site_name":"Sabugalia","article_modified_time":"2025-01-14T11:04:41+00:00","twitter_card":"summary_large_image","schema":{"@context":"https:\/\/schema.org","@graph":[{"@type":"WebPage","@id":"http:\/\/sabugalia.com\/gl\/blog\/","url":"http:\/\/sabugalia.com\/gl\/blog\/","name":"Blog - Sabugalia","isPartOf":{"@id":"https:\/\/sabugalia.com\/#website"},"datePublished":"2024-08-23T08:10:37+00:00","dateModified":"2025-01-14T11:04:41+00:00","breadcrumb":{"@id":"http:\/\/sabugalia.com\/gl\/blog\/#breadcrumb"},"inLanguage":"gl-ES","potentialAction":[{"@type":"ReadAction","target":["http:\/\/sabugalia.com\/gl\/blog\/"]}]},{"@type":"BreadcrumbList","@id":"http:\/\/sabugalia.com\/gl\/blog\/#breadcrumb","itemListElement":[{"@type":"ListItem","position":1,"name":"Portada","item":"https:\/\/sabugalia.com\/gl\/"},{"@type":"ListItem","position":2,"name":"Blog"}]},{"@type":"WebSite","@id":"https:\/\/sabugalia.com\/#website","url":"https:\/\/sabugalia.com\/","name":"Sabugalia","description":"","publisher":{"@id":"https:\/\/sabugalia.com\/#organization"},"potentialAction":[{"@type":"SearchAction","target":{"@type":"EntryPoint","urlTemplate":"https:\/\/sabugalia.com\/?s={search_term_string}"},"query-input":{"@type":"PropertyValueSpecification","valueRequired":true,"valueName":"search_term_string"}}],"inLanguage":"gl-ES"},{"@type":"Organization","@id":"https:\/\/sabugalia.com\/#organization","name":"Sabugalia","url":"https:\/\/sabugalia.com\/","logo":{"@type":"ImageObject","inLanguage":"gl-ES","@id":"https:\/\/sabugalia.com\/#\/schema\/logo\/image\/","url":"https:\/\/sabugalia.com\/wp-content\/uploads\/2024\/08\/LOGO-SABUGALIA.png","contentUrl":"https:\/\/sabugalia.com\/wp-content\/uploads\/2024\/08\/LOGO-SABUGALIA.png","width":539,"height":158,"caption":"Sabugalia"},"image":{"@id":"https:\/\/sabugalia.com\/#\/schema\/logo\/image\/"}}]}},"_links":{"self":[{"href":"https:\/\/sabugalia.com\/gl\/wp-json\/wp\/v2\/pages\/713","targetHints":{"allow":["GET"]}}],"collection":[{"href":"https:\/\/sabugalia.com\/gl\/wp-json\/wp\/v2\/pages"}],"about":[{"href":"https:\/\/sabugalia.com\/gl\/wp-json\/wp\/v2\/types\/page"}],"author":[{"embeddable":true,"href":"https:\/\/sabugalia.com\/gl\/wp-json\/wp\/v2\/users\/1"}],"replies":[{"embeddable":true,"href":"https:\/\/sabugalia.com\/gl\/wp-json\/wp\/v2\/comments?post=713"}],"version-history":[{"count":1,"href":"https:\/\/sabugalia.com\/gl\/wp-json\/wp\/v2\/pages\/713\/revisions"}],"predecessor-version":[{"id":714,"href":"https:\/\/sabugalia.com\/gl\/wp-json\/wp\/v2\/pages\/713\/revisions\/714"}],"wp:attachment":[{"href":"https:\/\/sabugalia.com\/gl\/wp-json\/wp\/v2\/media?parent=713"}],"curies":[{"name":"wp","href":"https:\/\/api.w.org\/{rel}","templated":true}]}}