{"id":711,"date":"2024-09-04T12:14:22","date_gmt":"2024-09-04T10:14:22","guid":{"rendered":"https:\/\/sabugalia.com\/aviso-legal\/"},"modified":"2025-01-14T12:04:20","modified_gmt":"2025-01-14T11:04:20","slug":"aviso-legal","status":"publish","type":"page","link":"https:\/\/sabugalia.com\/gl\/aviso-legal\/","title":{"rendered":"Aviso legal"},"content":{"rendered":"\t\t<div data-elementor-type=\"wp-page\" data-elementor-id=\"711\" class=\"elementor elementor-711 elementor-409\" data-elementor-post-type=\"page\">\n\t\t\t\t\t\t<section class=\"elementor-section elementor-top-section elementor-element elementor-element-4b41ac8 elementor-section-full_width elementor-section-height-default elementor-section-height-default\" data-id=\"4b41ac8\" data-element_type=\"section\" data-settings=\"{&quot;background_background&quot;:&quot;classic&quot;}\">\n\t\t\t\t\t\t<div class=\"elementor-container elementor-column-gap-default\">\n\t\t\t\t\t<div class=\"elementor-column elementor-col-100 elementor-top-column elementor-element elementor-element-0615f46\" data-id=\"0615f46\" data-element_type=\"column\">\n\t\t\t<div class=\"elementor-widget-wrap elementor-element-populated\">\n\t\t\t\t\t\t<div class=\"elementor-element elementor-element-cbf35d0 elementor-widget elementor-widget-heading\" data-id=\"cbf35d0\" data-element_type=\"widget\" data-widget_type=\"heading.default\">\n\t\t\t\t<div class=\"elementor-widget-container\">\n\t\t\t\t\t<h1 class=\"elementor-heading-title elementor-size-default\">Aviso Legal\n\n<\/h1>\t\t\t\t<\/div>\n\t\t\t\t<\/div>\n\t\t\t\t<div class=\"elementor-element elementor-element-9a25602 elementor-widget elementor-widget-text-editor\" data-id=\"9a25602\" data-element_type=\"widget\" data-widget_type=\"text-editor.default\">\n\t\t\t\t<div class=\"elementor-widget-container\">\n\t\t\t\t\t\t\t\t\t<p><strong>Identificaci\u00f3n e Titularidade<\/strong><\/p>\n<p>En cumprimento do artigo 10 da Lei 34\/2002, do 11 de xullo, de Servizos da Sociedade da Informaci\u00f3n e Comercio Electr\u00f3nico, o Titular exp\u00f3n os seus datos identificativos.<\/p>\n<ul>\n<li><strong>Titular<\/strong>: VEIGAS DE SABUGUEIRO, S.L<\/li>\n<li><strong>Domicilio<\/strong>: Lugar de Sagu\u00f1edo, s\/n, 32650, en Vilar de Santos, Ourense.<\/li>\n<li><strong>Sitio Web<\/strong>: <a href=\"http:\/\/www.carabunhas.gal\/\">www.carabunhas.com<\/a><\/li>\n<\/ul>\n<p><strong>Finalidad<\/strong><\/p>\n<p>A finalidade do sitio web <a href=\"http:\/\/www.carabunhas.gal\/\">www.carabunhas.com<\/a> \u00e9 a venda en li\u00f1a de produtos de alimentaci\u00f3n e outros produtos e servizos relacionados.<\/p>\n<\/p>\n<p><strong>Condici\u00f3ns de Uso<\/strong><\/p>\n<p>A utilizaci\u00f3n do sitio web out\u00f3rgache a condici\u00f3n de Usuario e implica a aceptaci\u00f3n completa de todas as cl\u00e1usulas e condici\u00f3ns de uso inclu\u00eddas nas p\u00e1xinas:<\/p>\n<ul>\n<li>Aviso Legal<\/li>\n<li>Pol\u00edtica de Privacidade<\/li>\n<li>Pol\u00edtica de Cookies<\/li>\n<\/ul>\n<p>Se non est\u00e1s conforme con todas e cada unha destas cl\u00e1usulas e condici\u00f3ns, deber\u00e1s absterte de utilizar este sitio web.<\/p>\n<p>O acceso a este sitio web non sup\u00f3n, de ning\u00fan xeito, o inicio dunha relaci\u00f3n comercial con .<\/p>\n<p>A trav\u00e9s deste sitio web, o Titular facil\u00edtache o acceso e a utilizaci\u00f3n de diversos contidos que o Titular ou os seus colaboradores publicaron por medio de Internet.<\/p>\n<p>A tal efecto, obrig\u00e1steche e comprom\u00e9teste a NON utilizar calquera dos contidos do sitio web con fins ou efectos il\u00edcitos, prohibidos neste Aviso Legal ou pola lexislaci\u00f3n vixente, lesivos dos dereitos e intereses de terceiros, ou que, de calquera forma, poidan danar, inutilizar, sobrecargar, deteriorar ou impedir a normal utilizaci\u00f3n dos contidos, dos equipos inform\u00e1ticos ou dos documentos, arquivos e toda clase de contidos almacenados en calquera equipo inform\u00e1tico propio ou contratado por , doutros usuarios ou de calquera usuario de Internet.<\/p>\n<p>O Titular res\u00e9rvase o dereito de retirar todos aqueles comentarios que vulneren a lexislaci\u00f3n vixente, que sexan lesivos dos dereitos ou intereses de terceiros, ou que, ao seu xu\u00edzo, non resulten axeitados para a s\u00faa publicaci\u00f3n.<\/p>\n<p>VEIGAS DE SABUGUEIRO, S.L. non ser\u00e1 responsable das opini\u00f3ns vertidas polos usuarios a trav\u00e9s do sistema de comentarios, redes sociais ou outras ferramentas de participaci\u00f3n, conforme ao previsto na normativa de aplicaci\u00f3n.<\/p>\n<\/p>\n<p><strong>Medidas de seguridade<\/strong><\/p>\n<p>Os datos persoais que facilites ao Titular poden ser almacenados en bases de datos automatizadas ou non, cuxa titularidade corresponde en exclusiva a VEIGAS DE SABUGUEIRO, S.L., que asume todas as medidas de \u00edndole t\u00e9cnica, organizativa e de seguridade que garanten a confidencialidade, integridade e calidade da informaci\u00f3n contida nas mesmas, de acordo co establecido na normativa vixente en protecci\u00f3n de datos.<\/p>\n<p>Non obstante, debes ser consciente de que as medidas de seguridade dos sistemas inform\u00e1ticos en Internet non son completamente fiables e que, polo tanto, o Titular non pode garantir a inexistencia de virus ou outros elementos que poidan producir alteraci\u00f3ns nos sistemas inform\u00e1ticos (software e hardware) do Usuario ou nos seus documentos electr\u00f3nicos e ficheiros contidos nos mesmos, a\u00ednda que o Titular pon todos os medios necesarios e toma as medidas de seguridade oportunas para evitar a presenza destes elementos dani\u00f1os.<\/p>\n<\/p>\n<p><strong>Datos persoais.<\/strong><\/p>\n<p>Podes consultar toda a informaci\u00f3n relativa ao tratamento de datos persoais que recolle o Titular na p\u00e1xina de Pol\u00edtica de Privacidade.<\/p>\n<\/p>\n<p><strong>Contidos<\/strong><\/p>\n<p>O Titular obtivo a informaci\u00f3n, o contido multimedia e os materiais inclu\u00eddos no sitio web de fontes que considera fiables, pero, a\u00ednda que tomou todas as medidas razoables para asegurar que a informaci\u00f3n contida \u00e9 correcta, o Titular non garante que sexa exacta, completa ou actualizada. VEIGAS DE SABUGUEIRO, S.L. declina expresamente calquera responsabilidade por erro ou omisi\u00f3n na informaci\u00f3n contida nas p\u00e1xinas deste sitio web. <\/p>\n<p>Queda prohibido transmitir ou enviar a trav\u00e9s do sitio web calquera contido ilegal ou il\u00edcito, virus inform\u00e1ticos ou mensaxes que, en xeral, afecten ou violen os dereitos do Titular ou de terceiros.<\/p>\n<p>Os contidos de carabunhas.com te\u00f1en unicamente unha finalidade informativa e, baixo ningunha circunstancia, deben usarse nin considerarse como unha oferta de venda, solicitude dunha oferta de compra nin recomendaci\u00f3n para realizar calquera outra operaci\u00f3n, salvo que as\u00ed se indique expresamente.<\/p>\n<p>VEIGAS DE SABUGUEIRO, S.L. res\u00e9rvase o dereito a modificar, suspender, cancelar ou restrinxir o contido de carabunhas.com, as ligaz\u00f3ns ou a informaci\u00f3n obtida a trav\u00e9s do sitio web, sen necesidade de aviso previo.<\/p>\n<p>VEIGAS DE SABUGUEIRO, S.L. non \u00e9 responsable dos danos e prexu\u00edzos que puidesen derivarse da utilizaci\u00f3n da informaci\u00f3n do sitio web ou da contida nas redes sociais do Titular.<\/p>\n<\/p>\n<p><strong>Pol\u00edtica de cookies<\/strong><\/p>\n<p>Na p\u00e1xina Pol\u00edtica de Cookies podes consultar toda a informaci\u00f3n relativa \u00e1 pol\u00edtica de recollida e tratamento das cookies.<\/p>\n<\/p>\n<p><strong>Ligaz\u00f3ns a outros sitios web<\/strong><\/p>\n<p>O Titular pode proporcionarche acceso a sitios web de terceiros mediante ligaz\u00f3ns coa finalidade exclusiva de informarte sobre a existencia doutras fontes de informaci\u00f3n en Internet nas que poder\u00e1s ampliar os datos ofrecidos no sitio web.<\/p>\n<p>Estas ligaz\u00f3ns a outros sitios web non supo\u00f1en en ning\u00fan caso unha suxesti\u00f3n ou recomendaci\u00f3n para que visites as p\u00e1xinas web de destino, que est\u00e1n f\u00f3ra do control do Titular, polo que non \u00e9 responsable do contido dos sitios web vinculados nin do resultado que obte\u00f1as ao seguir as ligaz\u00f3ns.<\/p>\n<p>As\u00ed mesmo, non responde polas ligaz\u00f3ns ou enlaces situados nos sitios web vinculados aos que che proporciona acceso.<\/p>\n<p>O establecemento da ligaz\u00f3n non implica en ning\u00fan caso a existencia de relaci\u00f3ns entre e o propietario do sitio no que se estableza a ligaz\u00f3n, nin a aceptaci\u00f3n ou aprobaci\u00f3n por parte do Titular dos seus contidos ou servizos.<\/p>\n<p>Se accedes a un sitio web externo desde unha ligaz\u00f3n que atopes en carabunhas.com, deber\u00e1s ler a propia pol\u00edtica de privacidade do outro sitio web, que pode ser diferente da deste sitio web.<\/p>\n<\/p>\n<p><strong>Propiedade intelectual e industrial<\/strong><\/p>\n<p>Todos os dereitos est\u00e1n reservados.<\/p>\n<p>Todo acceso a este sitio web est\u00e1 suxeito \u00e1s seguintes condici\u00f3ns: a reproduci\u00f3n, almacenamento permanente e a difusi\u00f3n dos contidos ou calquera outro uso que te\u00f1a unha finalidade p\u00fablica ou comercial queda expresamente prohibida sen o consentimento previo expreso e por escrito de VEIGAS DE SABUGUEIRO, S.L.<\/p>\n<\/p>\n<p><strong>Limitaci\u00f3n de responsabilidade<\/strong><\/p>\n<p>VEIGAS DE SABUGUEIRO, S.L. declina calquera responsabilidade no caso de que existan interrupci\u00f3ns ou un mal funcionamento dos servizos ou contidos ofrecidos en Internet, calquera que sexa a s\u00faa causa. As\u00ed mesmo, o Titular non se fai responsable de ca\u00eddas da rede, perdas de negocio como consecuencia destas ca\u00eddas, suspensi\u00f3ns temporais do flu\u00eddo el\u00e9ctrico ou calquera outro tipo de dano indirecto que che poida ser causado por causas alleas ao Titular. <\/p>\n<p>Antes de tomar decisi\u00f3ns e\/ou acci\u00f3ns baseadas na informaci\u00f3n inclu\u00edda no sitio web, o Titular recom\u00e9ndache comprobar e contrastar a informaci\u00f3n recibida con outras fontes.<\/p>\n<\/p>\n<p><strong>Xurisdici\u00f3n<\/strong><\/p>\n<p>Este Aviso Legal r\u00e9xese integramente pola lexislaci\u00f3n espa\u00f1ola.<\/p>\n\t\t\t\t\t\t\t\t<\/div>\n\t\t\t\t<\/div>\n\t\t\t\t\t<\/div>\n\t\t<\/div>\n\t\t\t\t\t<\/div>\n\t\t<\/section>\n\t\t\t\t<\/div>\n\t\t","protected":false},"excerpt":{"rendered":"<p>Aviso Legal Identificaci\u00f3n e Titularidade En cumprimento do artigo 10 da Lei 34\/2002, do 11 de xullo, de Servizos da Sociedade da Informaci\u00f3n e Comercio Electr\u00f3nico, o Titular exp\u00f3n os seus datos identificativos. Titular: VEIGAS DE SABUGUEIRO, S.L Domicilio: Lugar de Sagu\u00f1edo, s\/n, 32650, en Vilar de Santos, Ourense. Sitio Web: www.carabunhas.com Finalidad A finalidade [&hellip;]<\/p>\n","protected":false},"author":1,"featured_media":0,"parent":0,"menu_order":0,"comment_status":"closed","ping_status":"closed","template":"elementor_header_footer","meta":{"footnotes":""},"class_list":["post-711","page","type-page","status-publish","hentry"],"yoast_head":"<!-- This site is optimized with the Yoast SEO plugin v26.3 - https:\/\/yoast.com\/wordpress\/plugins\/seo\/ -->\n<title>Aviso legal - Sabugalia<\/title>\n<meta name=\"robots\" content=\"index, follow, max-snippet:-1, max-image-preview:large, max-video-preview:-1\" \/>\n<link rel=\"canonical\" href=\"https:\/\/sabugalia.com\/gl\/aviso-legal\/\" \/>\n<meta property=\"og:locale\" content=\"gl_ES\" \/>\n<meta property=\"og:type\" content=\"article\" \/>\n<meta property=\"og:title\" content=\"Aviso legal - Sabugalia\" \/>\n<meta property=\"og:description\" content=\"Aviso Legal Identificaci\u00f3n e Titularidade En cumprimento do artigo 10 da Lei 34\/2002, do 11 de xullo, de Servizos da Sociedade da Informaci\u00f3n e Comercio Electr\u00f3nico, o Titular exp\u00f3n os seus datos identificativos. Titular: VEIGAS DE SABUGUEIRO, S.L Domicilio: Lugar de Sagu\u00f1edo, s\/n, 32650, en Vilar de Santos, Ourense. Sitio Web: www.carabunhas.com Finalidad A finalidade [&hellip;]\" \/>\n<meta property=\"og:url\" content=\"https:\/\/sabugalia.com\/gl\/aviso-legal\/\" \/>\n<meta property=\"og:site_name\" content=\"Sabugalia\" \/>\n<meta property=\"article:modified_time\" content=\"2025-01-14T11:04:20+00:00\" \/>\n<meta name=\"twitter:card\" content=\"summary_large_image\" \/>\n<meta name=\"twitter:label1\" content=\"Tempo de lectura\" \/>\n\t<meta name=\"twitter:data1\" content=\"6 minutos\" \/>\n<script type=\"application\/ld+json\" class=\"yoast-schema-graph\">{\"@context\":\"https:\/\/schema.org\",\"@graph\":[{\"@type\":\"WebPage\",\"@id\":\"https:\/\/sabugalia.com\/gl\/aviso-legal\/\",\"url\":\"https:\/\/sabugalia.com\/gl\/aviso-legal\/\",\"name\":\"Aviso legal - Sabugalia\",\"isPartOf\":{\"@id\":\"https:\/\/sabugalia.com\/#website\"},\"datePublished\":\"2024-09-04T10:14:22+00:00\",\"dateModified\":\"2025-01-14T11:04:20+00:00\",\"breadcrumb\":{\"@id\":\"https:\/\/sabugalia.com\/gl\/aviso-legal\/#breadcrumb\"},\"inLanguage\":\"gl-ES\",\"potentialAction\":[{\"@type\":\"ReadAction\",\"target\":[\"https:\/\/sabugalia.com\/gl\/aviso-legal\/\"]}]},{\"@type\":\"BreadcrumbList\",\"@id\":\"https:\/\/sabugalia.com\/gl\/aviso-legal\/#breadcrumb\",\"itemListElement\":[{\"@type\":\"ListItem\",\"position\":1,\"name\":\"Portada\",\"item\":\"https:\/\/sabugalia.com\/gl\/\"},{\"@type\":\"ListItem\",\"position\":2,\"name\":\"Aviso legal\"}]},{\"@type\":\"WebSite\",\"@id\":\"https:\/\/sabugalia.com\/#website\",\"url\":\"https:\/\/sabugalia.com\/\",\"name\":\"Sabugalia\",\"description\":\"\",\"publisher\":{\"@id\":\"https:\/\/sabugalia.com\/#organization\"},\"potentialAction\":[{\"@type\":\"SearchAction\",\"target\":{\"@type\":\"EntryPoint\",\"urlTemplate\":\"https:\/\/sabugalia.com\/?s={search_term_string}\"},\"query-input\":{\"@type\":\"PropertyValueSpecification\",\"valueRequired\":true,\"valueName\":\"search_term_string\"}}],\"inLanguage\":\"gl-ES\"},{\"@type\":\"Organization\",\"@id\":\"https:\/\/sabugalia.com\/#organization\",\"name\":\"Sabugalia\",\"url\":\"https:\/\/sabugalia.com\/\",\"logo\":{\"@type\":\"ImageObject\",\"inLanguage\":\"gl-ES\",\"@id\":\"https:\/\/sabugalia.com\/#\/schema\/logo\/image\/\",\"url\":\"https:\/\/sabugalia.com\/wp-content\/uploads\/2024\/08\/LOGO-SABUGALIA.png\",\"contentUrl\":\"https:\/\/sabugalia.com\/wp-content\/uploads\/2024\/08\/LOGO-SABUGALIA.png\",\"width\":539,\"height\":158,\"caption\":\"Sabugalia\"},\"image\":{\"@id\":\"https:\/\/sabugalia.com\/#\/schema\/logo\/image\/\"}}]}<\/script>\n<!-- \/ Yoast SEO plugin. -->","yoast_head_json":{"title":"Aviso legal - Sabugalia","robots":{"index":"index","follow":"follow","max-snippet":"max-snippet:-1","max-image-preview":"max-image-preview:large","max-video-preview":"max-video-preview:-1"},"canonical":"https:\/\/sabugalia.com\/gl\/aviso-legal\/","og_locale":"gl_ES","og_type":"article","og_title":"Aviso legal - Sabugalia","og_description":"Aviso Legal Identificaci\u00f3n e Titularidade En cumprimento do artigo 10 da Lei 34\/2002, do 11 de xullo, de Servizos da Sociedade da Informaci\u00f3n e Comercio Electr\u00f3nico, o Titular exp\u00f3n os seus datos identificativos. Titular: VEIGAS DE SABUGUEIRO, S.L Domicilio: Lugar de Sagu\u00f1edo, s\/n, 32650, en Vilar de Santos, Ourense. Sitio Web: www.carabunhas.com Finalidad A finalidade [&hellip;]","og_url":"https:\/\/sabugalia.com\/gl\/aviso-legal\/","og_site_name":"Sabugalia","article_modified_time":"2025-01-14T11:04:20+00:00","twitter_card":"summary_large_image","twitter_misc":{"Tempo de lectura":"6 minutos"},"schema":{"@context":"https:\/\/schema.org","@graph":[{"@type":"WebPage","@id":"https:\/\/sabugalia.com\/gl\/aviso-legal\/","url":"https:\/\/sabugalia.com\/gl\/aviso-legal\/","name":"Aviso legal - Sabugalia","isPartOf":{"@id":"https:\/\/sabugalia.com\/#website"},"datePublished":"2024-09-04T10:14:22+00:00","dateModified":"2025-01-14T11:04:20+00:00","breadcrumb":{"@id":"https:\/\/sabugalia.com\/gl\/aviso-legal\/#breadcrumb"},"inLanguage":"gl-ES","potentialAction":[{"@type":"ReadAction","target":["https:\/\/sabugalia.com\/gl\/aviso-legal\/"]}]},{"@type":"BreadcrumbList","@id":"https:\/\/sabugalia.com\/gl\/aviso-legal\/#breadcrumb","itemListElement":[{"@type":"ListItem","position":1,"name":"Portada","item":"https:\/\/sabugalia.com\/gl\/"},{"@type":"ListItem","position":2,"name":"Aviso legal"}]},{"@type":"WebSite","@id":"https:\/\/sabugalia.com\/#website","url":"https:\/\/sabugalia.com\/","name":"Sabugalia","description":"","publisher":{"@id":"https:\/\/sabugalia.com\/#organization"},"potentialAction":[{"@type":"SearchAction","target":{"@type":"EntryPoint","urlTemplate":"https:\/\/sabugalia.com\/?s={search_term_string}"},"query-input":{"@type":"PropertyValueSpecification","valueRequired":true,"valueName":"search_term_string"}}],"inLanguage":"gl-ES"},{"@type":"Organization","@id":"https:\/\/sabugalia.com\/#organization","name":"Sabugalia","url":"https:\/\/sabugalia.com\/","logo":{"@type":"ImageObject","inLanguage":"gl-ES","@id":"https:\/\/sabugalia.com\/#\/schema\/logo\/image\/","url":"https:\/\/sabugalia.com\/wp-content\/uploads\/2024\/08\/LOGO-SABUGALIA.png","contentUrl":"https:\/\/sabugalia.com\/wp-content\/uploads\/2024\/08\/LOGO-SABUGALIA.png","width":539,"height":158,"caption":"Sabugalia"},"image":{"@id":"https:\/\/sabugalia.com\/#\/schema\/logo\/image\/"}}]}},"_links":{"self":[{"href":"https:\/\/sabugalia.com\/gl\/wp-json\/wp\/v2\/pages\/711","targetHints":{"allow":["GET"]}}],"collection":[{"href":"https:\/\/sabugalia.com\/gl\/wp-json\/wp\/v2\/pages"}],"about":[{"href":"https:\/\/sabugalia.com\/gl\/wp-json\/wp\/v2\/types\/page"}],"author":[{"embeddable":true,"href":"https:\/\/sabugalia.com\/gl\/wp-json\/wp\/v2\/users\/1"}],"replies":[{"embeddable":true,"href":"https:\/\/sabugalia.com\/gl\/wp-json\/wp\/v2\/comments?post=711"}],"version-history":[{"count":1,"href":"https:\/\/sabugalia.com\/gl\/wp-json\/wp\/v2\/pages\/711\/revisions"}],"predecessor-version":[{"id":712,"href":"https:\/\/sabugalia.com\/gl\/wp-json\/wp\/v2\/pages\/711\/revisions\/712"}],"wp:attachment":[{"href":"https:\/\/sabugalia.com\/gl\/wp-json\/wp\/v2\/media?parent=711"}],"curies":[{"name":"wp","href":"https:\/\/api.w.org\/{rel}","templated":true}]}}